{"id":6,"date":"2023-07-23T23:57:39","date_gmt":"2023-07-23T23:57:39","guid":{"rendered":"https:\/\/clinicarenacer.mx\/?page_id=6"},"modified":"2023-10-02T00:42:27","modified_gmt":"2023-10-02T00:42:27","slug":"centro-de-rehabilitacion-de-adicciones-y-alcoholismo-cerca-de-guadalajara-mexico","status":"publish","type":"page","link":"https:\/\/clinicarenacer.mx\/","title":{"rendered":"Inicio"},"content":{"rendered":"","protected":false},"excerpt":{"rendered":"","protected":false},"author":1,"featured_media":0,"parent":0,"menu_order":0,"comment_status":"closed","ping_status":"closed","template":"","meta":{"footnotes":""},"class_list":["post-6","page","type-page","status-publish","hentry"],"yoast_head":"<!-- This site is optimized with the Yoast SEO plugin v21.2 - https:\/\/yoast.com\/wordpress\/plugins\/seo\/ -->\n<title>Inicio - Clinica Renacer Mexico<\/title>\n<meta name=\"description\" content=\"Cl\u00ednica Renacer M\u00e9xico transformamos la vida de nuestros pacientes, los ayudamos a recuperar sus objetivos, metas y sue\u00f1os NUESTRA MISI\u00d3N Cl\u00ednica Renacer M\u00e9xico somos una organizaci\u00f3n dedicada a ofrecer bienestar familiar y social mental al paciente y a su familia y as\u00ed reintegrarlo a la sociedad con un concepto positivo y con un gran proyecto de vida NUESTRA VISI\u00d3N Ser la mejor cl\u00ednica de rehabilitaci\u00f3n en M\u00e9xico en temas de adiciones, alcoholismo, des\u00f3rdenes alimenticios y salud mental siendo reconocidos por nuestro programa, psic\u00f3logos y psiquiatras NUESTROS VALORES Honestidad, Confidencialidad, Entrega, Esp\u00edritu de servicio, Responsabilidad.\" \/>\n<meta name=\"robots\" content=\"index, follow, max-snippet:-1, max-image-preview:large, max-video-preview:-1\" \/>\n<link rel=\"canonical\" href=\"https:\/\/clinicarenacer.mx\/\" \/>\n<meta property=\"og:locale\" content=\"es_MX\" \/>\n<meta property=\"og:type\" content=\"article\" \/>\n<meta property=\"og:title\" content=\"Inicio - Clinica Renacer Mexico\" \/>\n<meta property=\"og:description\" content=\"Cl\u00ednica Renacer M\u00e9xico transformamos la vida de nuestros pacientes, los ayudamos a recuperar sus objetivos, metas y sue\u00f1os NUESTRA MISI\u00d3N Cl\u00ednica Renacer M\u00e9xico somos una organizaci\u00f3n dedicada a ofrecer bienestar familiar y social mental al paciente y a su familia y as\u00ed reintegrarlo a la sociedad con un concepto positivo y con un gran proyecto de vida NUESTRA VISI\u00d3N Ser la mejor cl\u00ednica de rehabilitaci\u00f3n en M\u00e9xico en temas de adiciones, alcoholismo, des\u00f3rdenes alimenticios y salud mental siendo reconocidos por nuestro programa, psic\u00f3logos y psiquiatras NUESTROS VALORES Honestidad, Confidencialidad, Entrega, Esp\u00edritu de servicio, Responsabilidad.\" \/>\n<meta property=\"og:url\" content=\"https:\/\/clinicarenacer.mx\/\" \/>\n<meta property=\"og:site_name\" content=\"Clinica Renacer Mexico\" \/>\n<meta property=\"article:publisher\" content=\"https:\/\/www.facebook.com\/renacer.pro\" \/>\n<meta property=\"article:modified_time\" content=\"2023-10-02T00:42:27+00:00\" \/>\n<meta name=\"twitter:card\" content=\"summary_large_image\" \/>\n<script type=\"application\/ld+json\" class=\"yoast-schema-graph\">{\"@context\":\"https:\/\/schema.org\",\"@graph\":[{\"@type\":\"WebPage\",\"@id\":\"https:\/\/clinicarenacer.mx\/\",\"url\":\"https:\/\/clinicarenacer.mx\/\",\"name\":\"Inicio - Clinica Renacer Mexico\",\"isPartOf\":{\"@id\":\"https:\/\/clinicarenacer.mx\/#website\"},\"datePublished\":\"2023-07-23T23:57:39+00:00\",\"dateModified\":\"2023-10-02T00:42:27+00:00\",\"description\":\"Cl\u00ednica Renacer M\u00e9xico transformamos la vida de nuestros pacientes, los ayudamos a recuperar sus objetivos, metas y sue\u00f1os NUESTRA MISI\u00d3N Cl\u00ednica Renacer M\u00e9xico somos una organizaci\u00f3n dedicada a ofrecer bienestar familiar y social mental al paciente y a su familia y as\u00ed reintegrarlo a la sociedad con un concepto positivo y con un gran proyecto de vida NUESTRA VISI\u00d3N Ser la mejor cl\u00ednica de rehabilitaci\u00f3n en M\u00e9xico en temas de adiciones, alcoholismo, des\u00f3rdenes alimenticios y salud mental siendo reconocidos por nuestro programa, psic\u00f3logos y psiquiatras NUESTROS VALORES Honestidad, Confidencialidad, Entrega, Esp\u00edritu de servicio, Responsabilidad.\",\"breadcrumb\":{\"@id\":\"https:\/\/clinicarenacer.mx\/#breadcrumb\"},\"inLanguage\":\"es\",\"potentialAction\":[{\"@type\":\"ReadAction\",\"target\":[\"https:\/\/clinicarenacer.mx\/\"]}]},{\"@type\":\"BreadcrumbList\",\"@id\":\"https:\/\/clinicarenacer.mx\/#breadcrumb\",\"itemListElement\":[{\"@type\":\"ListItem\",\"position\":1,\"name\":\"Inicio\",\"item\":\"https:\/\/clinicarenacer.mx\/\"},{\"@type\":\"ListItem\",\"position\":2,\"name\":\"Inicio\"}]},{\"@type\":\"WebSite\",\"@id\":\"https:\/\/clinicarenacer.mx\/#website\",\"url\":\"https:\/\/clinicarenacer.mx\/\",\"name\":\"www.clinicarenacer.mx\",\"description\":\"\",\"publisher\":{\"@id\":\"https:\/\/clinicarenacer.mx\/#organization\"},\"potentialAction\":[{\"@type\":\"SearchAction\",\"target\":{\"@type\":\"EntryPoint\",\"urlTemplate\":\"https:\/\/clinicarenacer.mx\/?s={search_term_string}\"},\"query-input\":\"required name=search_term_string\"}],\"inLanguage\":\"es\"},{\"@type\":\"Organization\",\"@id\":\"https:\/\/clinicarenacer.mx\/#organization\",\"name\":\"www.clinicarenacer.mx\",\"url\":\"https:\/\/clinicarenacer.mx\/\",\"logo\":{\"@type\":\"ImageObject\",\"inLanguage\":\"es\",\"@id\":\"https:\/\/clinicarenacer.mx\/#\/schema\/logo\/image\/\",\"url\":\"https:\/\/clinicarenacer.mx\/wp-content\/uploads\/2023\/07\/cropped-Logoclinica_Mesa-de-trabajo-1-scaled-1.jpg\",\"contentUrl\":\"https:\/\/clinicarenacer.mx\/wp-content\/uploads\/2023\/07\/cropped-Logoclinica_Mesa-de-trabajo-1-scaled-1.jpg\",\"width\":2560,\"height\":713,\"caption\":\"www.clinicarenacer.mx\"},\"image\":{\"@id\":\"https:\/\/clinicarenacer.mx\/#\/schema\/logo\/image\/\"},\"sameAs\":[\"https:\/\/www.facebook.com\/renacer.pro\",\"https:\/\/www.instagram.com\/clinicarenacermexico\/\"]}]}<\/script>\n<!-- \/ Yoast SEO plugin. -->","yoast_head_json":{"title":"Inicio - Clinica Renacer Mexico","description":"Cl\u00ednica Renacer M\u00e9xico transformamos la vida de nuestros pacientes, los ayudamos a recuperar sus objetivos, metas y sue\u00f1os NUESTRA MISI\u00d3N Cl\u00ednica Renacer M\u00e9xico somos una organizaci\u00f3n dedicada a ofrecer bienestar familiar y social mental al paciente y a su familia y as\u00ed reintegrarlo a la sociedad con un concepto positivo y con un gran proyecto de vida NUESTRA VISI\u00d3N Ser la mejor cl\u00ednica de rehabilitaci\u00f3n en M\u00e9xico en temas de adiciones, alcoholismo, des\u00f3rdenes alimenticios y salud mental siendo reconocidos por nuestro programa, psic\u00f3logos y psiquiatras NUESTROS VALORES Honestidad, Confidencialidad, Entrega, Esp\u00edritu de servicio, Responsabilidad.","robots":{"index":"index","follow":"follow","max-snippet":"max-snippet:-1","max-image-preview":"max-image-preview:large","max-video-preview":"max-video-preview:-1"},"canonical":"https:\/\/clinicarenacer.mx\/","og_locale":"es_MX","og_type":"article","og_title":"Inicio - Clinica Renacer Mexico","og_description":"Cl\u00ednica Renacer M\u00e9xico transformamos la vida de nuestros pacientes, los ayudamos a recuperar sus objetivos, metas y sue\u00f1os NUESTRA MISI\u00d3N Cl\u00ednica Renacer M\u00e9xico somos una organizaci\u00f3n dedicada a ofrecer bienestar familiar y social mental al paciente y a su familia y as\u00ed reintegrarlo a la sociedad con un concepto positivo y con un gran proyecto de vida NUESTRA VISI\u00d3N Ser la mejor cl\u00ednica de rehabilitaci\u00f3n en M\u00e9xico en temas de adiciones, alcoholismo, des\u00f3rdenes alimenticios y salud mental siendo reconocidos por nuestro programa, psic\u00f3logos y psiquiatras NUESTROS VALORES Honestidad, Confidencialidad, Entrega, Esp\u00edritu de servicio, Responsabilidad.","og_url":"https:\/\/clinicarenacer.mx\/","og_site_name":"Clinica Renacer Mexico","article_publisher":"https:\/\/www.facebook.com\/renacer.pro","article_modified_time":"2023-10-02T00:42:27+00:00","twitter_card":"summary_large_image","schema":{"@context":"https:\/\/schema.org","@graph":[{"@type":"WebPage","@id":"https:\/\/clinicarenacer.mx\/","url":"https:\/\/clinicarenacer.mx\/","name":"Inicio - Clinica Renacer Mexico","isPartOf":{"@id":"https:\/\/clinicarenacer.mx\/#website"},"datePublished":"2023-07-23T23:57:39+00:00","dateModified":"2023-10-02T00:42:27+00:00","description":"Cl\u00ednica Renacer M\u00e9xico transformamos la vida de nuestros pacientes, los ayudamos a recuperar sus objetivos, metas y sue\u00f1os NUESTRA MISI\u00d3N Cl\u00ednica Renacer M\u00e9xico somos una organizaci\u00f3n dedicada a ofrecer bienestar familiar y social mental al paciente y a su familia y as\u00ed reintegrarlo a la sociedad con un concepto positivo y con un gran proyecto de vida NUESTRA VISI\u00d3N Ser la mejor cl\u00ednica de rehabilitaci\u00f3n en M\u00e9xico en temas de adiciones, alcoholismo, des\u00f3rdenes alimenticios y salud mental siendo reconocidos por nuestro programa, psic\u00f3logos y psiquiatras NUESTROS VALORES Honestidad, Confidencialidad, Entrega, Esp\u00edritu de servicio, Responsabilidad.","breadcrumb":{"@id":"https:\/\/clinicarenacer.mx\/#breadcrumb"},"inLanguage":"es","potentialAction":[{"@type":"ReadAction","target":["https:\/\/clinicarenacer.mx\/"]}]},{"@type":"BreadcrumbList","@id":"https:\/\/clinicarenacer.mx\/#breadcrumb","itemListElement":[{"@type":"ListItem","position":1,"name":"Inicio","item":"https:\/\/clinicarenacer.mx\/"},{"@type":"ListItem","position":2,"name":"Inicio"}]},{"@type":"WebSite","@id":"https:\/\/clinicarenacer.mx\/#website","url":"https:\/\/clinicarenacer.mx\/","name":"www.clinicarenacer.mx","description":"","publisher":{"@id":"https:\/\/clinicarenacer.mx\/#organization"},"potentialAction":[{"@type":"SearchAction","target":{"@type":"EntryPoint","urlTemplate":"https:\/\/clinicarenacer.mx\/?s={search_term_string}"},"query-input":"required name=search_term_string"}],"inLanguage":"es"},{"@type":"Organization","@id":"https:\/\/clinicarenacer.mx\/#organization","name":"www.clinicarenacer.mx","url":"https:\/\/clinicarenacer.mx\/","logo":{"@type":"ImageObject","inLanguage":"es","@id":"https:\/\/clinicarenacer.mx\/#\/schema\/logo\/image\/","url":"https:\/\/clinicarenacer.mx\/wp-content\/uploads\/2023\/07\/cropped-Logoclinica_Mesa-de-trabajo-1-scaled-1.jpg","contentUrl":"https:\/\/clinicarenacer.mx\/wp-content\/uploads\/2023\/07\/cropped-Logoclinica_Mesa-de-trabajo-1-scaled-1.jpg","width":2560,"height":713,"caption":"www.clinicarenacer.mx"},"image":{"@id":"https:\/\/clinicarenacer.mx\/#\/schema\/logo\/image\/"},"sameAs":["https:\/\/www.facebook.com\/renacer.pro","https:\/\/www.instagram.com\/clinicarenacermexico\/"]}]}},"_links":{"self":[{"href":"https:\/\/clinicarenacer.mx\/index.php\/wp-json\/wp\/v2\/pages\/6","targetHints":{"allow":["GET"]}}],"collection":[{"href":"https:\/\/clinicarenacer.mx\/index.php\/wp-json\/wp\/v2\/pages"}],"about":[{"href":"https:\/\/clinicarenacer.mx\/index.php\/wp-json\/wp\/v2\/types\/page"}],"author":[{"embeddable":true,"href":"https:\/\/clinicarenacer.mx\/index.php\/wp-json\/wp\/v2\/users\/1"}],"replies":[{"embeddable":true,"href":"https:\/\/clinicarenacer.mx\/index.php\/wp-json\/wp\/v2\/comments?post=6"}],"version-history":[{"count":4,"href":"https:\/\/clinicarenacer.mx\/index.php\/wp-json\/wp\/v2\/pages\/6\/revisions"}],"predecessor-version":[{"id":223,"href":"https:\/\/clinicarenacer.mx\/index.php\/wp-json\/wp\/v2\/pages\/6\/revisions\/223"}],"wp:attachment":[{"href":"https:\/\/clinicarenacer.mx\/index.php\/wp-json\/wp\/v2\/media?parent=6"}],"curies":[{"name":"wp","href":"https:\/\/api.w.org\/{rel}","templated":true}]}}