{"id":39,"date":"2023-07-24T00:36:41","date_gmt":"2023-07-24T00:36:41","guid":{"rendered":"https:\/\/clinicarenacer.mx\/?page_id=39"},"modified":"2023-10-02T00:43:21","modified_gmt":"2023-10-02T00:43:21","slug":"centro-de-rehabilitacion-de-adicciones-y-alcoholismo-con-buenos-servicios-cerca-de-guadalajara-mexico","status":"publish","type":"page","link":"https:\/\/clinicarenacer.mx\/index.php\/centro-de-rehabilitacion-de-adicciones-y-alcoholismo-con-buenos-servicios-cerca-de-guadalajara-mexico\/","title":{"rendered":"Instalaciones"},"content":{"rendered":"\n<figure class=\"wp-block-image size-large\"><img loading=\"lazy\" decoding=\"async\" width=\"1024\" height=\"276\" src=\"https:\/\/clinicarenacer.mx\/wp-content\/uploads\/2023\/07\/renacer-instalaciones-banner-1024x276.jpeg\" alt=\"\" class=\"wp-image-127\" srcset=\"https:\/\/clinicarenacer.mx\/wp-content\/uploads\/2023\/07\/renacer-instalaciones-banner-1024x276.jpeg 1024w, https:\/\/clinicarenacer.mx\/wp-content\/uploads\/2023\/07\/renacer-instalaciones-banner-300x81.jpeg 300w, https:\/\/clinicarenacer.mx\/wp-content\/uploads\/2023\/07\/renacer-instalaciones-banner-768x207.jpeg 768w, https:\/\/clinicarenacer.mx\/wp-content\/uploads\/2023\/07\/renacer-instalaciones-banner-1536x415.jpeg 1536w, https:\/\/clinicarenacer.mx\/wp-content\/uploads\/2023\/07\/renacer-instalaciones-banner.jpeg 2000w\" sizes=\"auto, (max-width: 1024px) 100vw, 1024px\" \/><\/figure>\n\n\n\n<p><img loading=\"lazy\" decoding=\"async\" width=\"900\" height=\"2147\" class=\"wp-image-126\" style=\"width: 900px;\" src=\"https:\/\/clinicarenacer.mx\/wp-content\/uploads\/2023\/07\/1-scaled.jpeg\" alt=\"\" srcset=\"https:\/\/clinicarenacer.mx\/wp-content\/uploads\/2023\/07\/1-scaled.jpeg 1073w, https:\/\/clinicarenacer.mx\/wp-content\/uploads\/2023\/07\/1-126x300.jpeg 126w, https:\/\/clinicarenacer.mx\/wp-content\/uploads\/2023\/07\/1-429x1024.jpeg 429w, https:\/\/clinicarenacer.mx\/wp-content\/uploads\/2023\/07\/1-768x1833.jpeg 768w, https:\/\/clinicarenacer.mx\/wp-content\/uploads\/2023\/07\/1-644x1536.jpeg 644w, https:\/\/clinicarenacer.mx\/wp-content\/uploads\/2023\/07\/1-858x2048.jpeg 858w\" sizes=\"auto, (max-width: 900px) 100vw, 900px\" \/> <\/p>\n\n\n\n<div class=\"wp-block-columns are-vertically-aligned-center is-layout-flex wp-container-core-columns-is-layout-9d6595d7 wp-block-columns-is-layout-flex\">\n<div class=\"wp-block-column is-layout-flow wp-block-column-is-layout-flow\"><div class=\"wp-block-image\">\n<figure class=\"aligncenter size-large is-resized\"><a href=\"https:\/\/maps.app.goo.gl\/DFwgFZpVDWGtbZj68\"><img loading=\"lazy\" decoding=\"async\" src=\"https:\/\/clinicarenacer.mx\/wp-content\/uploads\/2023\/09\/Google_Maps_Logo_2020.svg_-1-1024x922.png\" alt=\"\" class=\"wp-image-207\" style=\"width:92px;height:82px\" width=\"92\" height=\"82\" srcset=\"https:\/\/clinicarenacer.mx\/wp-content\/uploads\/2023\/09\/Google_Maps_Logo_2020.svg_-1-1024x922.png 1024w, https:\/\/clinicarenacer.mx\/wp-content\/uploads\/2023\/09\/Google_Maps_Logo_2020.svg_-1-300x270.png 300w, https:\/\/clinicarenacer.mx\/wp-content\/uploads\/2023\/09\/Google_Maps_Logo_2020.svg_-1-768x691.png 768w, https:\/\/clinicarenacer.mx\/wp-content\/uploads\/2023\/09\/Google_Maps_Logo_2020.svg_-1-1536x1383.png 1536w, https:\/\/clinicarenacer.mx\/wp-content\/uploads\/2023\/09\/Google_Maps_Logo_2020.svg_-1-2048x1844.png 2048w\" sizes=\"auto, (max-width: 92px) 100vw, 92px\" \/><\/a><\/figure>\n<\/div><\/div>\n<\/div>\n","protected":false},"excerpt":{"rendered":"","protected":false},"author":1,"featured_media":0,"parent":0,"menu_order":0,"comment_status":"closed","ping_status":"closed","template":"","meta":{"footnotes":""},"class_list":["post-39","page","type-page","status-publish","hentry"],"yoast_head":"<!-- This site is optimized with the Yoast SEO plugin v21.2 - https:\/\/yoast.com\/wordpress\/plugins\/seo\/ -->\n<title>Instalaciones - Clinica Renacer Mexico<\/title>\n<meta name=\"description\" content=\"Clinica Renacer M\u00e9xico cuenta con amenidades, gimnasio, comedor, cocina, amplio jard\u00edn, alberca donde la estancia del paciente va a ser de manera c\u00f3moda y saludable.\" \/>\n<meta name=\"robots\" content=\"index, follow, max-snippet:-1, max-image-preview:large, max-video-preview:-1\" \/>\n<link rel=\"canonical\" href=\"https:\/\/clinicarenacer.mx\/index.php\/centro-de-rehabilitacion-de-adicciones-y-alcoholismo-con-buenos-servicios-cerca-de-guadalajara-mexico\/\" \/>\n<meta property=\"og:locale\" content=\"es_MX\" \/>\n<meta property=\"og:type\" content=\"article\" \/>\n<meta property=\"og:title\" content=\"Instalaciones - Clinica Renacer Mexico\" \/>\n<meta property=\"og:description\" content=\"Clinica Renacer M\u00e9xico cuenta con amenidades, gimnasio, comedor, cocina, amplio jard\u00edn, alberca donde la estancia del paciente va a ser de manera c\u00f3moda y saludable.\" \/>\n<meta property=\"og:url\" content=\"https:\/\/clinicarenacer.mx\/index.php\/centro-de-rehabilitacion-de-adicciones-y-alcoholismo-con-buenos-servicios-cerca-de-guadalajara-mexico\/\" \/>\n<meta property=\"og:site_name\" content=\"Clinica Renacer Mexico\" \/>\n<meta property=\"article:publisher\" content=\"https:\/\/www.facebook.com\/renacer.pro\" \/>\n<meta property=\"article:modified_time\" content=\"2023-10-02T00:43:21+00:00\" \/>\n<meta property=\"og:image\" content=\"https:\/\/clinicarenacer.mx\/wp-content\/uploads\/2023\/07\/renacer-instalaciones-banner-1024x276.jpeg\" \/>\n<meta name=\"twitter:card\" content=\"summary_large_image\" \/>\n<meta name=\"twitter:label1\" content=\"Tiempo de lectura\" \/>\n\t<meta name=\"twitter:data1\" content=\"1 minuto\" \/>\n<script type=\"application\/ld+json\" class=\"yoast-schema-graph\">{\"@context\":\"https:\/\/schema.org\",\"@graph\":[{\"@type\":\"WebPage\",\"@id\":\"https:\/\/clinicarenacer.mx\/index.php\/centro-de-rehabilitacion-de-adicciones-y-alcoholismo-con-buenos-servicios-cerca-de-guadalajara-mexico\/\",\"url\":\"https:\/\/clinicarenacer.mx\/index.php\/centro-de-rehabilitacion-de-adicciones-y-alcoholismo-con-buenos-servicios-cerca-de-guadalajara-mexico\/\",\"name\":\"Instalaciones - Clinica Renacer Mexico\",\"isPartOf\":{\"@id\":\"https:\/\/clinicarenacer.mx\/#website\"},\"datePublished\":\"2023-07-24T00:36:41+00:00\",\"dateModified\":\"2023-10-02T00:43:21+00:00\",\"description\":\"Clinica Renacer M\u00e9xico cuenta con amenidades, gimnasio, comedor, cocina, amplio jard\u00edn, alberca donde la estancia del paciente va a ser de manera c\u00f3moda y saludable.\",\"breadcrumb\":{\"@id\":\"https:\/\/clinicarenacer.mx\/index.php\/centro-de-rehabilitacion-de-adicciones-y-alcoholismo-con-buenos-servicios-cerca-de-guadalajara-mexico\/#breadcrumb\"},\"inLanguage\":\"es\",\"potentialAction\":[{\"@type\":\"ReadAction\",\"target\":[\"https:\/\/clinicarenacer.mx\/index.php\/centro-de-rehabilitacion-de-adicciones-y-alcoholismo-con-buenos-servicios-cerca-de-guadalajara-mexico\/\"]}]},{\"@type\":\"BreadcrumbList\",\"@id\":\"https:\/\/clinicarenacer.mx\/index.php\/centro-de-rehabilitacion-de-adicciones-y-alcoholismo-con-buenos-servicios-cerca-de-guadalajara-mexico\/#breadcrumb\",\"itemListElement\":[{\"@type\":\"ListItem\",\"position\":1,\"name\":\"Inicio\",\"item\":\"https:\/\/clinicarenacer.mx\/\"},{\"@type\":\"ListItem\",\"position\":2,\"name\":\"Instalaciones\"}]},{\"@type\":\"WebSite\",\"@id\":\"https:\/\/clinicarenacer.mx\/#website\",\"url\":\"https:\/\/clinicarenacer.mx\/\",\"name\":\"www.clinicarenacer.mx\",\"description\":\"\",\"publisher\":{\"@id\":\"https:\/\/clinicarenacer.mx\/#organization\"},\"potentialAction\":[{\"@type\":\"SearchAction\",\"target\":{\"@type\":\"EntryPoint\",\"urlTemplate\":\"https:\/\/clinicarenacer.mx\/?s={search_term_string}\"},\"query-input\":\"required name=search_term_string\"}],\"inLanguage\":\"es\"},{\"@type\":\"Organization\",\"@id\":\"https:\/\/clinicarenacer.mx\/#organization\",\"name\":\"www.clinicarenacer.mx\",\"url\":\"https:\/\/clinicarenacer.mx\/\",\"logo\":{\"@type\":\"ImageObject\",\"inLanguage\":\"es\",\"@id\":\"https:\/\/clinicarenacer.mx\/#\/schema\/logo\/image\/\",\"url\":\"https:\/\/clinicarenacer.mx\/wp-content\/uploads\/2023\/07\/cropped-Logoclinica_Mesa-de-trabajo-1-scaled-1.jpg\",\"contentUrl\":\"https:\/\/clinicarenacer.mx\/wp-content\/uploads\/2023\/07\/cropped-Logoclinica_Mesa-de-trabajo-1-scaled-1.jpg\",\"width\":2560,\"height\":713,\"caption\":\"www.clinicarenacer.mx\"},\"image\":{\"@id\":\"https:\/\/clinicarenacer.mx\/#\/schema\/logo\/image\/\"},\"sameAs\":[\"https:\/\/www.facebook.com\/renacer.pro\",\"https:\/\/www.instagram.com\/clinicarenacermexico\/\"]}]}<\/script>\n<!-- \/ Yoast SEO plugin. -->","yoast_head_json":{"title":"Instalaciones - Clinica Renacer Mexico","description":"Clinica Renacer M\u00e9xico cuenta con amenidades, gimnasio, comedor, cocina, amplio jard\u00edn, alberca donde la estancia del paciente va a ser de manera c\u00f3moda y saludable.","robots":{"index":"index","follow":"follow","max-snippet":"max-snippet:-1","max-image-preview":"max-image-preview:large","max-video-preview":"max-video-preview:-1"},"canonical":"https:\/\/clinicarenacer.mx\/index.php\/centro-de-rehabilitacion-de-adicciones-y-alcoholismo-con-buenos-servicios-cerca-de-guadalajara-mexico\/","og_locale":"es_MX","og_type":"article","og_title":"Instalaciones - Clinica Renacer Mexico","og_description":"Clinica Renacer M\u00e9xico cuenta con amenidades, gimnasio, comedor, cocina, amplio jard\u00edn, alberca donde la estancia del paciente va a ser de manera c\u00f3moda y saludable.","og_url":"https:\/\/clinicarenacer.mx\/index.php\/centro-de-rehabilitacion-de-adicciones-y-alcoholismo-con-buenos-servicios-cerca-de-guadalajara-mexico\/","og_site_name":"Clinica Renacer Mexico","article_publisher":"https:\/\/www.facebook.com\/renacer.pro","article_modified_time":"2023-10-02T00:43:21+00:00","og_image":[{"url":"https:\/\/clinicarenacer.mx\/wp-content\/uploads\/2023\/07\/renacer-instalaciones-banner-1024x276.jpeg"}],"twitter_card":"summary_large_image","twitter_misc":{"Tiempo de lectura":"1 minuto"},"schema":{"@context":"https:\/\/schema.org","@graph":[{"@type":"WebPage","@id":"https:\/\/clinicarenacer.mx\/index.php\/centro-de-rehabilitacion-de-adicciones-y-alcoholismo-con-buenos-servicios-cerca-de-guadalajara-mexico\/","url":"https:\/\/clinicarenacer.mx\/index.php\/centro-de-rehabilitacion-de-adicciones-y-alcoholismo-con-buenos-servicios-cerca-de-guadalajara-mexico\/","name":"Instalaciones - Clinica Renacer Mexico","isPartOf":{"@id":"https:\/\/clinicarenacer.mx\/#website"},"datePublished":"2023-07-24T00:36:41+00:00","dateModified":"2023-10-02T00:43:21+00:00","description":"Clinica Renacer M\u00e9xico cuenta con amenidades, gimnasio, comedor, cocina, amplio jard\u00edn, alberca donde la estancia del paciente va a ser de manera c\u00f3moda y saludable.","breadcrumb":{"@id":"https:\/\/clinicarenacer.mx\/index.php\/centro-de-rehabilitacion-de-adicciones-y-alcoholismo-con-buenos-servicios-cerca-de-guadalajara-mexico\/#breadcrumb"},"inLanguage":"es","potentialAction":[{"@type":"ReadAction","target":["https:\/\/clinicarenacer.mx\/index.php\/centro-de-rehabilitacion-de-adicciones-y-alcoholismo-con-buenos-servicios-cerca-de-guadalajara-mexico\/"]}]},{"@type":"BreadcrumbList","@id":"https:\/\/clinicarenacer.mx\/index.php\/centro-de-rehabilitacion-de-adicciones-y-alcoholismo-con-buenos-servicios-cerca-de-guadalajara-mexico\/#breadcrumb","itemListElement":[{"@type":"ListItem","position":1,"name":"Inicio","item":"https:\/\/clinicarenacer.mx\/"},{"@type":"ListItem","position":2,"name":"Instalaciones"}]},{"@type":"WebSite","@id":"https:\/\/clinicarenacer.mx\/#website","url":"https:\/\/clinicarenacer.mx\/","name":"www.clinicarenacer.mx","description":"","publisher":{"@id":"https:\/\/clinicarenacer.mx\/#organization"},"potentialAction":[{"@type":"SearchAction","target":{"@type":"EntryPoint","urlTemplate":"https:\/\/clinicarenacer.mx\/?s={search_term_string}"},"query-input":"required name=search_term_string"}],"inLanguage":"es"},{"@type":"Organization","@id":"https:\/\/clinicarenacer.mx\/#organization","name":"www.clinicarenacer.mx","url":"https:\/\/clinicarenacer.mx\/","logo":{"@type":"ImageObject","inLanguage":"es","@id":"https:\/\/clinicarenacer.mx\/#\/schema\/logo\/image\/","url":"https:\/\/clinicarenacer.mx\/wp-content\/uploads\/2023\/07\/cropped-Logoclinica_Mesa-de-trabajo-1-scaled-1.jpg","contentUrl":"https:\/\/clinicarenacer.mx\/wp-content\/uploads\/2023\/07\/cropped-Logoclinica_Mesa-de-trabajo-1-scaled-1.jpg","width":2560,"height":713,"caption":"www.clinicarenacer.mx"},"image":{"@id":"https:\/\/clinicarenacer.mx\/#\/schema\/logo\/image\/"},"sameAs":["https:\/\/www.facebook.com\/renacer.pro","https:\/\/www.instagram.com\/clinicarenacermexico\/"]}]}},"_links":{"self":[{"href":"https:\/\/clinicarenacer.mx\/index.php\/wp-json\/wp\/v2\/pages\/39","targetHints":{"allow":["GET"]}}],"collection":[{"href":"https:\/\/clinicarenacer.mx\/index.php\/wp-json\/wp\/v2\/pages"}],"about":[{"href":"https:\/\/clinicarenacer.mx\/index.php\/wp-json\/wp\/v2\/types\/page"}],"author":[{"embeddable":true,"href":"https:\/\/clinicarenacer.mx\/index.php\/wp-json\/wp\/v2\/users\/1"}],"replies":[{"embeddable":true,"href":"https:\/\/clinicarenacer.mx\/index.php\/wp-json\/wp\/v2\/comments?post=39"}],"version-history":[{"count":4,"href":"https:\/\/clinicarenacer.mx\/index.php\/wp-json\/wp\/v2\/pages\/39\/revisions"}],"predecessor-version":[{"id":210,"href":"https:\/\/clinicarenacer.mx\/index.php\/wp-json\/wp\/v2\/pages\/39\/revisions\/210"}],"wp:attachment":[{"href":"https:\/\/clinicarenacer.mx\/index.php\/wp-json\/wp\/v2\/media?parent=39"}],"curies":[{"name":"wp","href":"https:\/\/api.w.org\/{rel}","templated":true}]}}