{"id":37,"date":"2023-07-24T00:36:27","date_gmt":"2023-07-24T00:36:27","guid":{"rendered":"https:\/\/clinicarenacer.mx\/?page_id=37"},"modified":"2023-10-02T00:42:07","modified_gmt":"2023-10-02T00:42:07","slug":"centro-de-rehabilitacion-con-los-mejores-psicologoos-y-psiquiatras-cerca-de-guadalajara-mexico","status":"publish","type":"page","link":"https:\/\/clinicarenacer.mx\/index.php\/centro-de-rehabilitacion-con-los-mejores-psicologoos-y-psiquiatras-cerca-de-guadalajara-mexico\/","title":{"rendered":"Especialistas"},"content":{"rendered":"\n<figure class=\"wp-block-gallery has-nested-images columns-default is-cropped wp-block-gallery-1 is-layout-flex wp-block-gallery-is-layout-flex\">\n<figure class=\"wp-block-image size-large\"><img loading=\"lazy\" decoding=\"async\" width=\"1024\" height=\"285\" data-id=\"12\" src=\"https:\/\/clinicarenacer.mx\/wp-content\/uploads\/2023\/07\/cropped-Logoclinica_Mesa-de-trabajo-1-scaled-1-1024x285.jpg\" alt=\"\" class=\"wp-image-12\" srcset=\"https:\/\/clinicarenacer.mx\/wp-content\/uploads\/2023\/07\/cropped-Logoclinica_Mesa-de-trabajo-1-scaled-1-1024x285.jpg 1024w, https:\/\/clinicarenacer.mx\/wp-content\/uploads\/2023\/07\/cropped-Logoclinica_Mesa-de-trabajo-1-scaled-1-300x84.jpg 300w, https:\/\/clinicarenacer.mx\/wp-content\/uploads\/2023\/07\/cropped-Logoclinica_Mesa-de-trabajo-1-scaled-1-768x214.jpg 768w, https:\/\/clinicarenacer.mx\/wp-content\/uploads\/2023\/07\/cropped-Logoclinica_Mesa-de-trabajo-1-scaled-1-1536x428.jpg 1536w, https:\/\/clinicarenacer.mx\/wp-content\/uploads\/2023\/07\/cropped-Logoclinica_Mesa-de-trabajo-1-scaled-1-2048x570.jpg 2048w\" sizes=\"auto, (max-width: 1024px) 100vw, 1024px\" \/><\/figure>\n<\/figure>\n\n\n\n<figure class=\"wp-block-image size-large\"><img loading=\"lazy\" decoding=\"async\" width=\"1024\" height=\"614\" src=\"https:\/\/clinicarenacer.mx\/wp-content\/uploads\/2023\/07\/renacer-inicio-banner-2-1024x614.jpeg\" alt=\"\" class=\"wp-image-118\" srcset=\"https:\/\/clinicarenacer.mx\/wp-content\/uploads\/2023\/07\/renacer-inicio-banner-2-1024x614.jpeg 1024w, https:\/\/clinicarenacer.mx\/wp-content\/uploads\/2023\/07\/renacer-inicio-banner-2-300x180.jpeg 300w, https:\/\/clinicarenacer.mx\/wp-content\/uploads\/2023\/07\/renacer-inicio-banner-2-768x460.jpeg 768w, https:\/\/clinicarenacer.mx\/wp-content\/uploads\/2023\/07\/renacer-inicio-banner-2-1536x921.jpeg 1536w, https:\/\/clinicarenacer.mx\/wp-content\/uploads\/2023\/07\/renacer-inicio-banner-2.jpeg 2000w\" sizes=\"auto, (max-width: 1024px) 100vw, 1024px\" \/><\/figure>\n\n\n\n<p>CL\u00cdNICA RENACER M\u00c9XICO<\/p>\n\n\n\n<p><strong>Cl\u00ednica Renacer M\u00e9xico somos un centro de Rehabilitaci\u00f3n<\/strong>&nbsp;<em>con 39 a\u00f1os de experiencia en M\u00e9xico.&nbsp;<\/em><\/p>\n\n\n\n<p><strong>\u00a1Empieza a&nbsp;recuperar tu vida&nbsp;hoy mismo!<\/strong><\/p>\n\n\n\n<p>Estamos comprometidos contigo y con tu familia. Nuestro programa se basa en 39 a\u00f1os de experiencia y cientos de historias de \u00e9xito en el Tratamiento para Alcoholismo y Adicciones.<\/p>\n\n\n\n<p><\/p>\n\n\n\n<p>PRINCIPALES OBJETIVOS&nbsp;<\/p>\n\n\n\n<p>&#8211; Reintegrar a m\u00e1s pacientes de manera exitosa a su vida diaria con un proyecto y prop\u00f3sito de vida&nbsp;<\/p>\n\n\n\n<p>&#8211; Reense\u00f1ar a familias y pacientes a comunicarse de una mejor manera&nbsp;<\/p>\n\n\n\n<p>&#8211; Atender a un mayor n\u00famero de poblaci\u00f3n para recibir tratamiento en adicciones&nbsp;<\/p>\n\n\n\n<p>&#8211; Apoy\u00f3 en la prevenci\u00f3n de adicciones<\/p>\n\n\n\n<p>&#8211; Acompa\u00f1amiento de por vida para el paciente<\/p>\n\n\n\n<p><\/p>\n\n\n\n<p><strong>PSIC\u00d3LOGOS Y PSIQUIATRAS<\/strong><\/p>\n\n\n\n<p>Personal altamente capacitado especializados en:<\/p>\n\n\n\n<ul class=\"wp-block-list\">\n<li>Psicolog\u00eda Cl\u00ednica.<\/li>\n\n\n\n<li>Psicoterapia<\/li>\n\n\n\n<li>Psicoterapia Breve Integrativa.<\/li>\n<\/ul>\n\n\n\n<p><\/p>\n\n\n\n<p class=\"has-text-align-center\"><a href=\"https:\/\/wa.me\/message\/GAJHZBSQKZVXJ1\" target=\"_blank\" rel=\"noreferrer noopener\"><em><mark><mark style=\"background-color:#0693e3\" class=\"has-inline-color has-white-color\">Sabemos que el camino no ha sido f\u00e1cil, Da click aqu\u00ed para contactarnos por whatsapp<\/mark><\/mark><\/em><\/a><\/p>\n\n\n<div class=\"wp-block-image\">\n<figure class=\"aligncenter size-full is-resized\"><a href=\"https:\/\/maps.app.goo.gl\/DFwgFZpVDWGtbZj68\"><img loading=\"lazy\" decoding=\"async\" src=\"https:\/\/clinicarenacer.mx\/wp-content\/uploads\/2023\/09\/image-1.png\" alt=\"\" class=\"wp-image-211\" style=\"width:71px;height:64px\" width=\"71\" height=\"64\" srcset=\"https:\/\/clinicarenacer.mx\/wp-content\/uploads\/2023\/09\/image-1.png 1024w, https:\/\/clinicarenacer.mx\/wp-content\/uploads\/2023\/09\/image-1-300x270.png 300w, https:\/\/clinicarenacer.mx\/wp-content\/uploads\/2023\/09\/image-1-768x692.png 768w\" sizes=\"auto, (max-width: 71px) 100vw, 71px\" \/><\/a><\/figure>\n<\/div>","protected":false},"excerpt":{"rendered":"<p>CL\u00cdNICA RENACER M\u00c9XICO Cl\u00ednica Renacer M\u00e9xico somos un centro de Rehabilitaci\u00f3n&nbsp;con 39 a\u00f1os de experiencia en M\u00e9xico.&nbsp; \u00a1Empieza a&nbsp;recuperar tu vida&nbsp;hoy mismo! Estamos comprometidos contigo y con tu familia. Nuestro programa se basa en 39 a\u00f1os de experiencia y cientos de historias de \u00e9xito en el Tratamiento para Alcoholismo y Adicciones. PRINCIPALES OBJETIVOS&nbsp; &#8211; Reintegrar <a href=\"https:\/\/clinicarenacer.mx\/index.php\/centro-de-rehabilitacion-con-los-mejores-psicologoos-y-psiquiatras-cerca-de-guadalajara-mexico\/\" rel=\"nofollow\"><span class=\"sr-only\">Read more about Especialistas<\/span>[&hellip;]<\/a><\/p>\n","protected":false},"author":1,"featured_media":0,"parent":0,"menu_order":0,"comment_status":"closed","ping_status":"closed","template":"","meta":{"footnotes":""},"class_list":["post-37","page","type-page","status-publish","hentry"],"yoast_head":"<!-- This site is optimized with the Yoast SEO plugin v21.2 - https:\/\/yoast.com\/wordpress\/plugins\/seo\/ -->\n<title>Especialistas - Clinica Renacer Mexico<\/title>\n<meta name=\"description\" content=\"PRINCIPALES OBJETIVOS\u00a0- Reintegrar a m\u00e1s pacientes de manera exitosa a su vida diaria con un proyecto y prop\u00f3sito de vida\u00a0- Reense\u00f1ar a familias y pacientes a comunicarse de una mejor manera\u00a0- Atender a un mayor n\u00famero de poblaci\u00f3n para recibir tratamiento en adicciones\u00a0- Apoy\u00f3 en la prevenci\u00f3n de adicciones- Acompa\u00f1amiento de por vida para el paciente PSIC\u00d3LOGOS Y PSIQUIATRASPersonal altamente capacitado especializados en: Psicolog\u00eda Cl\u00ednica, PsicoterapiaPsicoterapia Breve Integrativa.\" \/>\n<meta name=\"robots\" content=\"index, follow, max-snippet:-1, max-image-preview:large, max-video-preview:-1\" \/>\n<link rel=\"canonical\" href=\"https:\/\/clinicarenacer.mx\/index.php\/centro-de-rehabilitacion-con-los-mejores-psicologoos-y-psiquiatras-cerca-de-guadalajara-mexico\/\" \/>\n<meta property=\"og:locale\" content=\"es_MX\" \/>\n<meta property=\"og:type\" content=\"article\" \/>\n<meta property=\"og:title\" content=\"Especialistas - Clinica Renacer Mexico\" \/>\n<meta property=\"og:description\" content=\"PRINCIPALES OBJETIVOS\u00a0- Reintegrar a m\u00e1s pacientes de manera exitosa a su vida diaria con un proyecto y prop\u00f3sito de vida\u00a0- Reense\u00f1ar a familias y pacientes a comunicarse de una mejor manera\u00a0- Atender a un mayor n\u00famero de poblaci\u00f3n para recibir tratamiento en adicciones\u00a0- Apoy\u00f3 en la prevenci\u00f3n de adicciones- Acompa\u00f1amiento de por vida para el paciente PSIC\u00d3LOGOS Y PSIQUIATRASPersonal altamente capacitado especializados en: Psicolog\u00eda Cl\u00ednica, PsicoterapiaPsicoterapia Breve Integrativa.\" \/>\n<meta property=\"og:url\" content=\"https:\/\/clinicarenacer.mx\/index.php\/centro-de-rehabilitacion-con-los-mejores-psicologoos-y-psiquiatras-cerca-de-guadalajara-mexico\/\" \/>\n<meta property=\"og:site_name\" content=\"Clinica Renacer Mexico\" \/>\n<meta property=\"article:publisher\" content=\"https:\/\/www.facebook.com\/renacer.pro\" \/>\n<meta property=\"article:modified_time\" content=\"2023-10-02T00:42:07+00:00\" \/>\n<meta property=\"og:image\" content=\"https:\/\/clinicarenacer.mx\/wp-content\/uploads\/2023\/07\/cropped-Logoclinica_Mesa-de-trabajo-1-scaled-1-1024x285.jpg\" \/>\n<meta name=\"twitter:card\" content=\"summary_large_image\" \/>\n<meta name=\"twitter:label1\" content=\"Tiempo de lectura\" \/>\n\t<meta name=\"twitter:data1\" content=\"2 minutos\" \/>\n<script type=\"application\/ld+json\" class=\"yoast-schema-graph\">{\"@context\":\"https:\/\/schema.org\",\"@graph\":[{\"@type\":\"WebPage\",\"@id\":\"https:\/\/clinicarenacer.mx\/index.php\/centro-de-rehabilitacion-con-los-mejores-psicologoos-y-psiquiatras-cerca-de-guadalajara-mexico\/\",\"url\":\"https:\/\/clinicarenacer.mx\/index.php\/centro-de-rehabilitacion-con-los-mejores-psicologoos-y-psiquiatras-cerca-de-guadalajara-mexico\/\",\"name\":\"Especialistas - Clinica Renacer Mexico\",\"isPartOf\":{\"@id\":\"https:\/\/clinicarenacer.mx\/#website\"},\"datePublished\":\"2023-07-24T00:36:27+00:00\",\"dateModified\":\"2023-10-02T00:42:07+00:00\",\"description\":\"PRINCIPALES OBJETIVOS\u00a0- Reintegrar a m\u00e1s pacientes de manera exitosa a su vida diaria con un proyecto y prop\u00f3sito de vida\u00a0- Reense\u00f1ar a familias y pacientes a comunicarse de una mejor manera\u00a0- Atender a un mayor n\u00famero de poblaci\u00f3n para recibir tratamiento en adicciones\u00a0- Apoy\u00f3 en la prevenci\u00f3n de adicciones- Acompa\u00f1amiento de por vida para el paciente PSIC\u00d3LOGOS Y PSIQUIATRASPersonal altamente capacitado especializados en: Psicolog\u00eda Cl\u00ednica, PsicoterapiaPsicoterapia Breve Integrativa.\",\"breadcrumb\":{\"@id\":\"https:\/\/clinicarenacer.mx\/index.php\/centro-de-rehabilitacion-con-los-mejores-psicologoos-y-psiquiatras-cerca-de-guadalajara-mexico\/#breadcrumb\"},\"inLanguage\":\"es\",\"potentialAction\":[{\"@type\":\"ReadAction\",\"target\":[\"https:\/\/clinicarenacer.mx\/index.php\/centro-de-rehabilitacion-con-los-mejores-psicologoos-y-psiquiatras-cerca-de-guadalajara-mexico\/\"]}]},{\"@type\":\"BreadcrumbList\",\"@id\":\"https:\/\/clinicarenacer.mx\/index.php\/centro-de-rehabilitacion-con-los-mejores-psicologoos-y-psiquiatras-cerca-de-guadalajara-mexico\/#breadcrumb\",\"itemListElement\":[{\"@type\":\"ListItem\",\"position\":1,\"name\":\"Inicio\",\"item\":\"https:\/\/clinicarenacer.mx\/\"},{\"@type\":\"ListItem\",\"position\":2,\"name\":\"Especialistas\"}]},{\"@type\":\"WebSite\",\"@id\":\"https:\/\/clinicarenacer.mx\/#website\",\"url\":\"https:\/\/clinicarenacer.mx\/\",\"name\":\"www.clinicarenacer.mx\",\"description\":\"\",\"publisher\":{\"@id\":\"https:\/\/clinicarenacer.mx\/#organization\"},\"potentialAction\":[{\"@type\":\"SearchAction\",\"target\":{\"@type\":\"EntryPoint\",\"urlTemplate\":\"https:\/\/clinicarenacer.mx\/?s={search_term_string}\"},\"query-input\":\"required name=search_term_string\"}],\"inLanguage\":\"es\"},{\"@type\":\"Organization\",\"@id\":\"https:\/\/clinicarenacer.mx\/#organization\",\"name\":\"www.clinicarenacer.mx\",\"url\":\"https:\/\/clinicarenacer.mx\/\",\"logo\":{\"@type\":\"ImageObject\",\"inLanguage\":\"es\",\"@id\":\"https:\/\/clinicarenacer.mx\/#\/schema\/logo\/image\/\",\"url\":\"https:\/\/clinicarenacer.mx\/wp-content\/uploads\/2023\/07\/cropped-Logoclinica_Mesa-de-trabajo-1-scaled-1.jpg\",\"contentUrl\":\"https:\/\/clinicarenacer.mx\/wp-content\/uploads\/2023\/07\/cropped-Logoclinica_Mesa-de-trabajo-1-scaled-1.jpg\",\"width\":2560,\"height\":713,\"caption\":\"www.clinicarenacer.mx\"},\"image\":{\"@id\":\"https:\/\/clinicarenacer.mx\/#\/schema\/logo\/image\/\"},\"sameAs\":[\"https:\/\/www.facebook.com\/renacer.pro\",\"https:\/\/www.instagram.com\/clinicarenacermexico\/\"]}]}<\/script>\n<!-- \/ Yoast SEO plugin. -->","yoast_head_json":{"title":"Especialistas - Clinica Renacer Mexico","description":"PRINCIPALES OBJETIVOS\u00a0- Reintegrar a m\u00e1s pacientes de manera exitosa a su vida diaria con un proyecto y prop\u00f3sito de vida\u00a0- Reense\u00f1ar a familias y pacientes a comunicarse de una mejor manera\u00a0- Atender a un mayor n\u00famero de poblaci\u00f3n para recibir tratamiento en adicciones\u00a0- Apoy\u00f3 en la prevenci\u00f3n de adicciones- Acompa\u00f1amiento de por vida para el paciente PSIC\u00d3LOGOS Y PSIQUIATRASPersonal altamente capacitado especializados en: Psicolog\u00eda Cl\u00ednica, PsicoterapiaPsicoterapia Breve Integrativa.","robots":{"index":"index","follow":"follow","max-snippet":"max-snippet:-1","max-image-preview":"max-image-preview:large","max-video-preview":"max-video-preview:-1"},"canonical":"https:\/\/clinicarenacer.mx\/index.php\/centro-de-rehabilitacion-con-los-mejores-psicologoos-y-psiquiatras-cerca-de-guadalajara-mexico\/","og_locale":"es_MX","og_type":"article","og_title":"Especialistas - Clinica Renacer Mexico","og_description":"PRINCIPALES OBJETIVOS\u00a0- Reintegrar a m\u00e1s pacientes de manera exitosa a su vida diaria con un proyecto y prop\u00f3sito de vida\u00a0- Reense\u00f1ar a familias y pacientes a comunicarse de una mejor manera\u00a0- Atender a un mayor n\u00famero de poblaci\u00f3n para recibir tratamiento en adicciones\u00a0- Apoy\u00f3 en la prevenci\u00f3n de adicciones- Acompa\u00f1amiento de por vida para el paciente PSIC\u00d3LOGOS Y PSIQUIATRASPersonal altamente capacitado especializados en: Psicolog\u00eda Cl\u00ednica, PsicoterapiaPsicoterapia Breve Integrativa.","og_url":"https:\/\/clinicarenacer.mx\/index.php\/centro-de-rehabilitacion-con-los-mejores-psicologoos-y-psiquiatras-cerca-de-guadalajara-mexico\/","og_site_name":"Clinica Renacer Mexico","article_publisher":"https:\/\/www.facebook.com\/renacer.pro","article_modified_time":"2023-10-02T00:42:07+00:00","og_image":[{"url":"https:\/\/clinicarenacer.mx\/wp-content\/uploads\/2023\/07\/cropped-Logoclinica_Mesa-de-trabajo-1-scaled-1-1024x285.jpg"}],"twitter_card":"summary_large_image","twitter_misc":{"Tiempo de lectura":"2 minutos"},"schema":{"@context":"https:\/\/schema.org","@graph":[{"@type":"WebPage","@id":"https:\/\/clinicarenacer.mx\/index.php\/centro-de-rehabilitacion-con-los-mejores-psicologoos-y-psiquiatras-cerca-de-guadalajara-mexico\/","url":"https:\/\/clinicarenacer.mx\/index.php\/centro-de-rehabilitacion-con-los-mejores-psicologoos-y-psiquiatras-cerca-de-guadalajara-mexico\/","name":"Especialistas - Clinica Renacer Mexico","isPartOf":{"@id":"https:\/\/clinicarenacer.mx\/#website"},"datePublished":"2023-07-24T00:36:27+00:00","dateModified":"2023-10-02T00:42:07+00:00","description":"PRINCIPALES OBJETIVOS\u00a0- Reintegrar a m\u00e1s pacientes de manera exitosa a su vida diaria con un proyecto y prop\u00f3sito de vida\u00a0- Reense\u00f1ar a familias y pacientes a comunicarse de una mejor manera\u00a0- Atender a un mayor n\u00famero de poblaci\u00f3n para recibir tratamiento en adicciones\u00a0- Apoy\u00f3 en la prevenci\u00f3n de adicciones- Acompa\u00f1amiento de por vida para el paciente PSIC\u00d3LOGOS Y PSIQUIATRASPersonal altamente capacitado especializados en: Psicolog\u00eda Cl\u00ednica, PsicoterapiaPsicoterapia Breve Integrativa.","breadcrumb":{"@id":"https:\/\/clinicarenacer.mx\/index.php\/centro-de-rehabilitacion-con-los-mejores-psicologoos-y-psiquiatras-cerca-de-guadalajara-mexico\/#breadcrumb"},"inLanguage":"es","potentialAction":[{"@type":"ReadAction","target":["https:\/\/clinicarenacer.mx\/index.php\/centro-de-rehabilitacion-con-los-mejores-psicologoos-y-psiquiatras-cerca-de-guadalajara-mexico\/"]}]},{"@type":"BreadcrumbList","@id":"https:\/\/clinicarenacer.mx\/index.php\/centro-de-rehabilitacion-con-los-mejores-psicologoos-y-psiquiatras-cerca-de-guadalajara-mexico\/#breadcrumb","itemListElement":[{"@type":"ListItem","position":1,"name":"Inicio","item":"https:\/\/clinicarenacer.mx\/"},{"@type":"ListItem","position":2,"name":"Especialistas"}]},{"@type":"WebSite","@id":"https:\/\/clinicarenacer.mx\/#website","url":"https:\/\/clinicarenacer.mx\/","name":"www.clinicarenacer.mx","description":"","publisher":{"@id":"https:\/\/clinicarenacer.mx\/#organization"},"potentialAction":[{"@type":"SearchAction","target":{"@type":"EntryPoint","urlTemplate":"https:\/\/clinicarenacer.mx\/?s={search_term_string}"},"query-input":"required name=search_term_string"}],"inLanguage":"es"},{"@type":"Organization","@id":"https:\/\/clinicarenacer.mx\/#organization","name":"www.clinicarenacer.mx","url":"https:\/\/clinicarenacer.mx\/","logo":{"@type":"ImageObject","inLanguage":"es","@id":"https:\/\/clinicarenacer.mx\/#\/schema\/logo\/image\/","url":"https:\/\/clinicarenacer.mx\/wp-content\/uploads\/2023\/07\/cropped-Logoclinica_Mesa-de-trabajo-1-scaled-1.jpg","contentUrl":"https:\/\/clinicarenacer.mx\/wp-content\/uploads\/2023\/07\/cropped-Logoclinica_Mesa-de-trabajo-1-scaled-1.jpg","width":2560,"height":713,"caption":"www.clinicarenacer.mx"},"image":{"@id":"https:\/\/clinicarenacer.mx\/#\/schema\/logo\/image\/"},"sameAs":["https:\/\/www.facebook.com\/renacer.pro","https:\/\/www.instagram.com\/clinicarenacermexico\/"]}]}},"_links":{"self":[{"href":"https:\/\/clinicarenacer.mx\/index.php\/wp-json\/wp\/v2\/pages\/37","targetHints":{"allow":["GET"]}}],"collection":[{"href":"https:\/\/clinicarenacer.mx\/index.php\/wp-json\/wp\/v2\/pages"}],"about":[{"href":"https:\/\/clinicarenacer.mx\/index.php\/wp-json\/wp\/v2\/types\/page"}],"author":[{"embeddable":true,"href":"https:\/\/clinicarenacer.mx\/index.php\/wp-json\/wp\/v2\/users\/1"}],"replies":[{"embeddable":true,"href":"https:\/\/clinicarenacer.mx\/index.php\/wp-json\/wp\/v2\/comments?post=37"}],"version-history":[{"count":5,"href":"https:\/\/clinicarenacer.mx\/index.php\/wp-json\/wp\/v2\/pages\/37\/revisions"}],"predecessor-version":[{"id":214,"href":"https:\/\/clinicarenacer.mx\/index.php\/wp-json\/wp\/v2\/pages\/37\/revisions\/214"}],"wp:attachment":[{"href":"https:\/\/clinicarenacer.mx\/index.php\/wp-json\/wp\/v2\/media?parent=37"}],"curies":[{"name":"wp","href":"https:\/\/api.w.org\/{rel}","templated":true}]}}