{"id":35,"date":"2023-07-24T00:36:03","date_gmt":"2023-07-24T00:36:03","guid":{"rendered":"https:\/\/clinicarenacer.mx\/?page_id=35"},"modified":"2023-10-02T00:42:44","modified_gmt":"2023-10-02T00:42:44","slug":"centro-de-rehabilitacion-de-adicciones-y-alcoholismo-cerca-de-guadalajara-mexico-2","status":"publish","type":"page","link":"https:\/\/clinicarenacer.mx\/index.php\/centro-de-rehabilitacion-de-adicciones-y-alcoholismo-cerca-de-guadalajara-mexico-2\/","title":{"rendered":"Servicios"},"content":{"rendered":"\n<p>Estamos comprometidos contigo y con tu familia. Nuestro programa se basa en 39 a\u00f1os de experiencia y cientos de historias de \u00e9xito en el Tratamiento de Alcoholismo, Adicciones, Des\u00f3rdenes de alimentaci\u00f3n, Depresi\u00f3n, Ansiedad, Salud mental, entre otros<\/p>\n\n\n\n<p><\/p>\n\n\n\n<p>ETAPAS DE TRATAMIENTO <\/p>\n\n\n\n<p>PRIMERA ETAPA. Se Inicia con una EVALUACI\u00d3N MEDICO PSIQUI\u00c1TRICA Y DIAGN\u00d3STICO, con ello inicia su tratamiento medicamentoso y su desintoxicaci\u00f3n, la cual vamos a permitir que el paciente elimine toda toxina de su cuerpo, con el apoyo de ciertos f\u00e1rmacos y de alimentaci\u00f3n saludable. <\/p>\n\n\n\n<p>SEGUNDA ETAPA: Consiste en dar seguimiento y reforzar el tratamiento con EVALUACI\u00d3N E INTERVENCI\u00d3N PSICOL\u00d3GICA CONSTANTE, EVALUACI\u00d3N ESPECIFICA CON BATER\u00cdA PSICOL\u00d3GICA ESTABLECIDA PARA EL TRATAMIENTO DEL PACIENTE, realizar historia cl\u00ednica, conocer los antecedentes del paciente, y un poco de su historia de vida, en esta etapa es importante como especialistas de salud mental ganarnos la confianza de paciente y empatizar con \u00e9l. <\/p>\n\n\n\n<p><\/p>\n\n\n\n<p>TERCERA ETAPA. Despu\u00e9s del segundo abordaje el paciente contin\u00faa con su tratamiento integral (psicoterapia individual, grupal ocupacional, recreativa y medicamentosa). Es en esta etapa, en donde el paciente empieza a redescubrir sus habilidades, sus capacidades y cree en las mismas, agarra fuerzas y autoestima para afrontar la vida cotidiana, aunque se siente protegido en el medio que se encuentra que es el internamiento, se siente capaz de realizar todo lo que hizo a un lado o desecho de su vida, por que no estaba consciente de la situaci\u00f3n. <\/p>\n\n\n\n<p><\/p>\n\n\n\n<p>CUARTO ETAPA. En esta etapa se incluye EL TRABAJO PSICOL\u00d3GICO FAMILIAR sin el paciente, pero aprovechamos el estar trabajando con el paciente para sensibilizar la parte familiar, y al mismo tiempo el paciente continua con sus psicoterapias y medicamentos, es importante comentar, que en esta etapa del tratamiento se trabaja CONOCIMIENTO DE LA ENFERMEDAD, CONCIENCIA DE ENFERMEDAD Y CONSECUENCIAS, RESENTIMIENTOS EN LA FAMILIA, RESPONSABILIDADES DE LOS INTEGRANTES Y SE ELABORAN SOLUCIONES Y ACUERDOS,<\/p>\n\n\n\n<p>Bookmark the&nbsp;<a href=\"https:\/\/clinicarenacer.mx\/index.php\/2023\/07\/28\/adicciones-clinica-de-rehabilitacion\/\">permalink<\/a>.&nbsp;<a href=\"https:\/\/clinicarenacer.mx\/wp-admin\/post.php?post=83&amp;action=edit\">Edit<\/a><\/p>\n\n\n\n<h2 class=\"wp-block-heading\">Navegaci\u00f3n de entradas<\/h2>\n\n\n\n<p><a href=\"https:\/\/clinicarenacer.mx\/index.php\/2023\/07\/28\/alcoholismo-clinica-cerca-de-guadalajara\/\">Alcoholismo\u00a0\u2192<\/a><\/p>\n\n\n<div class=\"wp-block-image\">\n<figure class=\"aligncenter size-full is-resized\"><a href=\"https:\/\/maps.app.goo.gl\/DFwgFZpVDWGtbZj68\"><img loading=\"lazy\" decoding=\"async\" src=\"https:\/\/clinicarenacer.mx\/wp-content\/uploads\/2023\/09\/image-1.png\" alt=\"\" class=\"wp-image-211\" style=\"width:64px;height:58px\" width=\"64\" height=\"58\" srcset=\"https:\/\/clinicarenacer.mx\/wp-content\/uploads\/2023\/09\/image-1.png 1024w, https:\/\/clinicarenacer.mx\/wp-content\/uploads\/2023\/09\/image-1-300x270.png 300w, https:\/\/clinicarenacer.mx\/wp-content\/uploads\/2023\/09\/image-1-768x692.png 768w\" sizes=\"auto, (max-width: 64px) 100vw, 64px\" \/><\/a><\/figure>\n<\/div>","protected":false},"excerpt":{"rendered":"<p>Estamos comprometidos contigo y con tu familia. Nuestro programa se basa en 39 a\u00f1os de experiencia y cientos de historias de \u00e9xito en el Tratamiento de Alcoholismo, Adicciones, Des\u00f3rdenes de alimentaci\u00f3n, Depresi\u00f3n, Ansiedad, Salud mental, entre otros ETAPAS DE TRATAMIENTO PRIMERA ETAPA. Se Inicia con una EVALUACI\u00d3N MEDICO PSIQUI\u00c1TRICA Y DIAGN\u00d3STICO, con ello inicia su <a href=\"https:\/\/clinicarenacer.mx\/index.php\/centro-de-rehabilitacion-de-adicciones-y-alcoholismo-cerca-de-guadalajara-mexico-2\/\" rel=\"nofollow\"><span class=\"sr-only\">Read more about Servicios<\/span>[&hellip;]<\/a><\/p>\n","protected":false},"author":1,"featured_media":0,"parent":0,"menu_order":0,"comment_status":"closed","ping_status":"closed","template":"","meta":{"footnotes":""},"class_list":["post-35","page","type-page","status-publish","hentry"],"yoast_head":"<!-- This site is optimized with the Yoast SEO plugin v21.2 - https:\/\/yoast.com\/wordpress\/plugins\/seo\/ -->\n<title>Servicios - Clinica Renacer Mexico<\/title>\n<meta name=\"description\" content=\"ETAPAS DE TRATAMIENTO PRIMERA ETAPA. Se Inicia con una EVALUACI\u00d3N MEDICO PSIQUI\u00c1TRICA Y DIAGN\u00d3STICO, con ello inicia su tratamiento medicamentoso y su desintoxicaci\u00f3n, la cual vamos a permitir que el paciente elimine toda toxina de su cuerpo, con el apoyo de ciertos f\u00e1rmacos y de alimentaci\u00f3n saludable. SEGUNDO ETAPA: Consiste en dar seguimiento y reforzar el tratamiento con EVALUACI\u00d3N E INTERVENCI\u00d3N PSICOL\u00d3GICA CONSTANTE, EVALUACI\u00d3N ESPECIFICA CON BATER\u00cdA PSICOL\u00d3GICA ESTABLECIDA PARA EL TRATAMIENTO DEL PACIENTE, realizar historia cl\u00ednica, conocer los antecedentes del paciente, y un poco de su historia de vida, en esta etapa es importante como especialistas de salud mental ganarnos la confianza de paciente y empatizar con \u00e9l. TERCERA ETAPA. Despu\u00e9s del segundo abordaje el paciente contin\u00faa con su tratamiento integral (psicoterapia individual, grupal ocupacional, recreativa y medicamentosa). Es en esta etapa, en donde el paciente empieza a redescubrir sus habilidades, sus capacidades y cree en las mismas, agarra fuerzas y autoestima para afrontar la vida cotidiana, aunque se siente protegido en el medio que se encuentra que es el internamiento, se siente capaz de realizar todo lo que hizo a un lado o desecho de su vida, por que no estaba consciente de la situaci\u00f3n. CUARTO ETAPA. En esta etapa se incluye EL TRABAJO PSICOL\u00d3GICO FAMILIAR sin el paciente, pero aprovechamos el estar trabajando con el paciente para sensibilizar la parte familiar, y al mismo tiempo el paciente continua con sus psicoterapias y medicamentos, es importante comentar, que en esta etapa del tratamiento se trabaja CONOCIMIENTO DE LA ENFERMEDAD, CONCIENCIA DE ENFERMEDAD Y CONSECUENCIAS, RESENTIMIENTOS EN LA FAMILIA, RESPONSABILIDADES DE LOS INTEGRANTES Y SE ELABORAN SOLUCIONES Y ACUERDOS,\" \/>\n<meta name=\"robots\" content=\"index, follow, max-snippet:-1, max-image-preview:large, max-video-preview:-1\" \/>\n<link rel=\"canonical\" href=\"https:\/\/clinicarenacer.mx\/index.php\/centro-de-rehabilitacion-de-adicciones-y-alcoholismo-cerca-de-guadalajara-mexico-2\/\" \/>\n<meta property=\"og:locale\" content=\"es_MX\" \/>\n<meta property=\"og:type\" content=\"article\" \/>\n<meta property=\"og:title\" content=\"Servicios - Clinica Renacer Mexico\" \/>\n<meta property=\"og:description\" content=\"ETAPAS DE TRATAMIENTO PRIMERA ETAPA. Se Inicia con una EVALUACI\u00d3N MEDICO PSIQUI\u00c1TRICA Y DIAGN\u00d3STICO, con ello inicia su tratamiento medicamentoso y su desintoxicaci\u00f3n, la cual vamos a permitir que el paciente elimine toda toxina de su cuerpo, con el apoyo de ciertos f\u00e1rmacos y de alimentaci\u00f3n saludable. SEGUNDO ETAPA: Consiste en dar seguimiento y reforzar el tratamiento con EVALUACI\u00d3N E INTERVENCI\u00d3N PSICOL\u00d3GICA CONSTANTE, EVALUACI\u00d3N ESPECIFICA CON BATER\u00cdA PSICOL\u00d3GICA ESTABLECIDA PARA EL TRATAMIENTO DEL PACIENTE, realizar historia cl\u00ednica, conocer los antecedentes del paciente, y un poco de su historia de vida, en esta etapa es importante como especialistas de salud mental ganarnos la confianza de paciente y empatizar con \u00e9l. TERCERA ETAPA. Despu\u00e9s del segundo abordaje el paciente contin\u00faa con su tratamiento integral (psicoterapia individual, grupal ocupacional, recreativa y medicamentosa). Es en esta etapa, en donde el paciente empieza a redescubrir sus habilidades, sus capacidades y cree en las mismas, agarra fuerzas y autoestima para afrontar la vida cotidiana, aunque se siente protegido en el medio que se encuentra que es el internamiento, se siente capaz de realizar todo lo que hizo a un lado o desecho de su vida, por que no estaba consciente de la situaci\u00f3n. CUARTO ETAPA. En esta etapa se incluye EL TRABAJO PSICOL\u00d3GICO FAMILIAR sin el paciente, pero aprovechamos el estar trabajando con el paciente para sensibilizar la parte familiar, y al mismo tiempo el paciente continua con sus psicoterapias y medicamentos, es importante comentar, que en esta etapa del tratamiento se trabaja CONOCIMIENTO DE LA ENFERMEDAD, CONCIENCIA DE ENFERMEDAD Y CONSECUENCIAS, RESENTIMIENTOS EN LA FAMILIA, RESPONSABILIDADES DE LOS INTEGRANTES Y SE ELABORAN SOLUCIONES Y ACUERDOS,\" \/>\n<meta property=\"og:url\" content=\"https:\/\/clinicarenacer.mx\/index.php\/centro-de-rehabilitacion-de-adicciones-y-alcoholismo-cerca-de-guadalajara-mexico-2\/\" \/>\n<meta property=\"og:site_name\" content=\"Clinica Renacer Mexico\" \/>\n<meta property=\"article:publisher\" content=\"https:\/\/www.facebook.com\/renacer.pro\" \/>\n<meta property=\"article:modified_time\" content=\"2023-10-02T00:42:44+00:00\" \/>\n<meta property=\"og:image\" content=\"https:\/\/clinicarenacer.mx\/wp-content\/uploads\/2023\/09\/image-1.png\" \/>\n<meta name=\"twitter:card\" content=\"summary_large_image\" \/>\n<meta name=\"twitter:label1\" content=\"Tiempo de lectura\" \/>\n\t<meta name=\"twitter:data1\" content=\"2 minutos\" \/>\n<script type=\"application\/ld+json\" class=\"yoast-schema-graph\">{\"@context\":\"https:\/\/schema.org\",\"@graph\":[{\"@type\":\"WebPage\",\"@id\":\"https:\/\/clinicarenacer.mx\/index.php\/centro-de-rehabilitacion-de-adicciones-y-alcoholismo-cerca-de-guadalajara-mexico-2\/\",\"url\":\"https:\/\/clinicarenacer.mx\/index.php\/centro-de-rehabilitacion-de-adicciones-y-alcoholismo-cerca-de-guadalajara-mexico-2\/\",\"name\":\"Servicios - Clinica Renacer Mexico\",\"isPartOf\":{\"@id\":\"https:\/\/clinicarenacer.mx\/#website\"},\"datePublished\":\"2023-07-24T00:36:03+00:00\",\"dateModified\":\"2023-10-02T00:42:44+00:00\",\"description\":\"ETAPAS DE TRATAMIENTO PRIMERA ETAPA. Se Inicia con una EVALUACI\u00d3N MEDICO PSIQUI\u00c1TRICA Y DIAGN\u00d3STICO, con ello inicia su tratamiento medicamentoso y su desintoxicaci\u00f3n, la cual vamos a permitir que el paciente elimine toda toxina de su cuerpo, con el apoyo de ciertos f\u00e1rmacos y de alimentaci\u00f3n saludable. SEGUNDO ETAPA: Consiste en dar seguimiento y reforzar el tratamiento con EVALUACI\u00d3N E INTERVENCI\u00d3N PSICOL\u00d3GICA CONSTANTE, EVALUACI\u00d3N ESPECIFICA CON BATER\u00cdA PSICOL\u00d3GICA ESTABLECIDA PARA EL TRATAMIENTO DEL PACIENTE, realizar historia cl\u00ednica, conocer los antecedentes del paciente, y un poco de su historia de vida, en esta etapa es importante como especialistas de salud mental ganarnos la confianza de paciente y empatizar con \u00e9l. TERCERA ETAPA. Despu\u00e9s del segundo abordaje el paciente contin\u00faa con su tratamiento integral (psicoterapia individual, grupal ocupacional, recreativa y medicamentosa). Es en esta etapa, en donde el paciente empieza a redescubrir sus habilidades, sus capacidades y cree en las mismas, agarra fuerzas y autoestima para afrontar la vida cotidiana, aunque se siente protegido en el medio que se encuentra que es el internamiento, se siente capaz de realizar todo lo que hizo a un lado o desecho de su vida, por que no estaba consciente de la situaci\u00f3n. CUARTO ETAPA. En esta etapa se incluye EL TRABAJO PSICOL\u00d3GICO FAMILIAR sin el paciente, pero aprovechamos el estar trabajando con el paciente para sensibilizar la parte familiar, y al mismo tiempo el paciente continua con sus psicoterapias y medicamentos, es importante comentar, que en esta etapa del tratamiento se trabaja CONOCIMIENTO DE LA ENFERMEDAD, CONCIENCIA DE ENFERMEDAD Y CONSECUENCIAS, RESENTIMIENTOS EN LA FAMILIA, RESPONSABILIDADES DE LOS INTEGRANTES Y SE ELABORAN SOLUCIONES Y ACUERDOS,\",\"breadcrumb\":{\"@id\":\"https:\/\/clinicarenacer.mx\/index.php\/centro-de-rehabilitacion-de-adicciones-y-alcoholismo-cerca-de-guadalajara-mexico-2\/#breadcrumb\"},\"inLanguage\":\"es\",\"potentialAction\":[{\"@type\":\"ReadAction\",\"target\":[\"https:\/\/clinicarenacer.mx\/index.php\/centro-de-rehabilitacion-de-adicciones-y-alcoholismo-cerca-de-guadalajara-mexico-2\/\"]}]},{\"@type\":\"BreadcrumbList\",\"@id\":\"https:\/\/clinicarenacer.mx\/index.php\/centro-de-rehabilitacion-de-adicciones-y-alcoholismo-cerca-de-guadalajara-mexico-2\/#breadcrumb\",\"itemListElement\":[{\"@type\":\"ListItem\",\"position\":1,\"name\":\"Inicio\",\"item\":\"https:\/\/clinicarenacer.mx\/\"},{\"@type\":\"ListItem\",\"position\":2,\"name\":\"Servicios\"}]},{\"@type\":\"WebSite\",\"@id\":\"https:\/\/clinicarenacer.mx\/#website\",\"url\":\"https:\/\/clinicarenacer.mx\/\",\"name\":\"www.clinicarenacer.mx\",\"description\":\"\",\"publisher\":{\"@id\":\"https:\/\/clinicarenacer.mx\/#organization\"},\"potentialAction\":[{\"@type\":\"SearchAction\",\"target\":{\"@type\":\"EntryPoint\",\"urlTemplate\":\"https:\/\/clinicarenacer.mx\/?s={search_term_string}\"},\"query-input\":\"required name=search_term_string\"}],\"inLanguage\":\"es\"},{\"@type\":\"Organization\",\"@id\":\"https:\/\/clinicarenacer.mx\/#organization\",\"name\":\"www.clinicarenacer.mx\",\"url\":\"https:\/\/clinicarenacer.mx\/\",\"logo\":{\"@type\":\"ImageObject\",\"inLanguage\":\"es\",\"@id\":\"https:\/\/clinicarenacer.mx\/#\/schema\/logo\/image\/\",\"url\":\"https:\/\/clinicarenacer.mx\/wp-content\/uploads\/2023\/07\/cropped-Logoclinica_Mesa-de-trabajo-1-scaled-1.jpg\",\"contentUrl\":\"https:\/\/clinicarenacer.mx\/wp-content\/uploads\/2023\/07\/cropped-Logoclinica_Mesa-de-trabajo-1-scaled-1.jpg\",\"width\":2560,\"height\":713,\"caption\":\"www.clinicarenacer.mx\"},\"image\":{\"@id\":\"https:\/\/clinicarenacer.mx\/#\/schema\/logo\/image\/\"},\"sameAs\":[\"https:\/\/www.facebook.com\/renacer.pro\",\"https:\/\/www.instagram.com\/clinicarenacermexico\/\"]}]}<\/script>\n<!-- \/ Yoast SEO plugin. -->","yoast_head_json":{"title":"Servicios - Clinica Renacer Mexico","description":"ETAPAS DE TRATAMIENTO PRIMERA ETAPA. Se Inicia con una EVALUACI\u00d3N MEDICO PSIQUI\u00c1TRICA Y DIAGN\u00d3STICO, con ello inicia su tratamiento medicamentoso y su desintoxicaci\u00f3n, la cual vamos a permitir que el paciente elimine toda toxina de su cuerpo, con el apoyo de ciertos f\u00e1rmacos y de alimentaci\u00f3n saludable. SEGUNDO ETAPA: Consiste en dar seguimiento y reforzar el tratamiento con EVALUACI\u00d3N E INTERVENCI\u00d3N PSICOL\u00d3GICA CONSTANTE, EVALUACI\u00d3N ESPECIFICA CON BATER\u00cdA PSICOL\u00d3GICA ESTABLECIDA PARA EL TRATAMIENTO DEL PACIENTE, realizar historia cl\u00ednica, conocer los antecedentes del paciente, y un poco de su historia de vida, en esta etapa es importante como especialistas de salud mental ganarnos la confianza de paciente y empatizar con \u00e9l. TERCERA ETAPA. Despu\u00e9s del segundo abordaje el paciente contin\u00faa con su tratamiento integral (psicoterapia individual, grupal ocupacional, recreativa y medicamentosa). Es en esta etapa, en donde el paciente empieza a redescubrir sus habilidades, sus capacidades y cree en las mismas, agarra fuerzas y autoestima para afrontar la vida cotidiana, aunque se siente protegido en el medio que se encuentra que es el internamiento, se siente capaz de realizar todo lo que hizo a un lado o desecho de su vida, por que no estaba consciente de la situaci\u00f3n. CUARTO ETAPA. En esta etapa se incluye EL TRABAJO PSICOL\u00d3GICO FAMILIAR sin el paciente, pero aprovechamos el estar trabajando con el paciente para sensibilizar la parte familiar, y al mismo tiempo el paciente continua con sus psicoterapias y medicamentos, es importante comentar, que en esta etapa del tratamiento se trabaja CONOCIMIENTO DE LA ENFERMEDAD, CONCIENCIA DE ENFERMEDAD Y CONSECUENCIAS, RESENTIMIENTOS EN LA FAMILIA, RESPONSABILIDADES DE LOS INTEGRANTES Y SE ELABORAN SOLUCIONES Y ACUERDOS,","robots":{"index":"index","follow":"follow","max-snippet":"max-snippet:-1","max-image-preview":"max-image-preview:large","max-video-preview":"max-video-preview:-1"},"canonical":"https:\/\/clinicarenacer.mx\/index.php\/centro-de-rehabilitacion-de-adicciones-y-alcoholismo-cerca-de-guadalajara-mexico-2\/","og_locale":"es_MX","og_type":"article","og_title":"Servicios - Clinica Renacer Mexico","og_description":"ETAPAS DE TRATAMIENTO PRIMERA ETAPA. Se Inicia con una EVALUACI\u00d3N MEDICO PSIQUI\u00c1TRICA Y DIAGN\u00d3STICO, con ello inicia su tratamiento medicamentoso y su desintoxicaci\u00f3n, la cual vamos a permitir que el paciente elimine toda toxina de su cuerpo, con el apoyo de ciertos f\u00e1rmacos y de alimentaci\u00f3n saludable. SEGUNDO ETAPA: Consiste en dar seguimiento y reforzar el tratamiento con EVALUACI\u00d3N E INTERVENCI\u00d3N PSICOL\u00d3GICA CONSTANTE, EVALUACI\u00d3N ESPECIFICA CON BATER\u00cdA PSICOL\u00d3GICA ESTABLECIDA PARA EL TRATAMIENTO DEL PACIENTE, realizar historia cl\u00ednica, conocer los antecedentes del paciente, y un poco de su historia de vida, en esta etapa es importante como especialistas de salud mental ganarnos la confianza de paciente y empatizar con \u00e9l. TERCERA ETAPA. Despu\u00e9s del segundo abordaje el paciente contin\u00faa con su tratamiento integral (psicoterapia individual, grupal ocupacional, recreativa y medicamentosa). Es en esta etapa, en donde el paciente empieza a redescubrir sus habilidades, sus capacidades y cree en las mismas, agarra fuerzas y autoestima para afrontar la vida cotidiana, aunque se siente protegido en el medio que se encuentra que es el internamiento, se siente capaz de realizar todo lo que hizo a un lado o desecho de su vida, por que no estaba consciente de la situaci\u00f3n. CUARTO ETAPA. En esta etapa se incluye EL TRABAJO PSICOL\u00d3GICO FAMILIAR sin el paciente, pero aprovechamos el estar trabajando con el paciente para sensibilizar la parte familiar, y al mismo tiempo el paciente continua con sus psicoterapias y medicamentos, es importante comentar, que en esta etapa del tratamiento se trabaja CONOCIMIENTO DE LA ENFERMEDAD, CONCIENCIA DE ENFERMEDAD Y CONSECUENCIAS, RESENTIMIENTOS EN LA FAMILIA, RESPONSABILIDADES DE LOS INTEGRANTES Y SE ELABORAN SOLUCIONES Y ACUERDOS,","og_url":"https:\/\/clinicarenacer.mx\/index.php\/centro-de-rehabilitacion-de-adicciones-y-alcoholismo-cerca-de-guadalajara-mexico-2\/","og_site_name":"Clinica Renacer Mexico","article_publisher":"https:\/\/www.facebook.com\/renacer.pro","article_modified_time":"2023-10-02T00:42:44+00:00","og_image":[{"url":"https:\/\/clinicarenacer.mx\/wp-content\/uploads\/2023\/09\/image-1.png"}],"twitter_card":"summary_large_image","twitter_misc":{"Tiempo de lectura":"2 minutos"},"schema":{"@context":"https:\/\/schema.org","@graph":[{"@type":"WebPage","@id":"https:\/\/clinicarenacer.mx\/index.php\/centro-de-rehabilitacion-de-adicciones-y-alcoholismo-cerca-de-guadalajara-mexico-2\/","url":"https:\/\/clinicarenacer.mx\/index.php\/centro-de-rehabilitacion-de-adicciones-y-alcoholismo-cerca-de-guadalajara-mexico-2\/","name":"Servicios - Clinica Renacer Mexico","isPartOf":{"@id":"https:\/\/clinicarenacer.mx\/#website"},"datePublished":"2023-07-24T00:36:03+00:00","dateModified":"2023-10-02T00:42:44+00:00","description":"ETAPAS DE TRATAMIENTO PRIMERA ETAPA. Se Inicia con una EVALUACI\u00d3N MEDICO PSIQUI\u00c1TRICA Y DIAGN\u00d3STICO, con ello inicia su tratamiento medicamentoso y su desintoxicaci\u00f3n, la cual vamos a permitir que el paciente elimine toda toxina de su cuerpo, con el apoyo de ciertos f\u00e1rmacos y de alimentaci\u00f3n saludable. SEGUNDO ETAPA: Consiste en dar seguimiento y reforzar el tratamiento con EVALUACI\u00d3N E INTERVENCI\u00d3N PSICOL\u00d3GICA CONSTANTE, EVALUACI\u00d3N ESPECIFICA CON BATER\u00cdA PSICOL\u00d3GICA ESTABLECIDA PARA EL TRATAMIENTO DEL PACIENTE, realizar historia cl\u00ednica, conocer los antecedentes del paciente, y un poco de su historia de vida, en esta etapa es importante como especialistas de salud mental ganarnos la confianza de paciente y empatizar con \u00e9l. TERCERA ETAPA. Despu\u00e9s del segundo abordaje el paciente contin\u00faa con su tratamiento integral (psicoterapia individual, grupal ocupacional, recreativa y medicamentosa). Es en esta etapa, en donde el paciente empieza a redescubrir sus habilidades, sus capacidades y cree en las mismas, agarra fuerzas y autoestima para afrontar la vida cotidiana, aunque se siente protegido en el medio que se encuentra que es el internamiento, se siente capaz de realizar todo lo que hizo a un lado o desecho de su vida, por que no estaba consciente de la situaci\u00f3n. CUARTO ETAPA. En esta etapa se incluye EL TRABAJO PSICOL\u00d3GICO FAMILIAR sin el paciente, pero aprovechamos el estar trabajando con el paciente para sensibilizar la parte familiar, y al mismo tiempo el paciente continua con sus psicoterapias y medicamentos, es importante comentar, que en esta etapa del tratamiento se trabaja CONOCIMIENTO DE LA ENFERMEDAD, CONCIENCIA DE ENFERMEDAD Y CONSECUENCIAS, RESENTIMIENTOS EN LA FAMILIA, RESPONSABILIDADES DE LOS INTEGRANTES Y SE ELABORAN SOLUCIONES Y ACUERDOS,","breadcrumb":{"@id":"https:\/\/clinicarenacer.mx\/index.php\/centro-de-rehabilitacion-de-adicciones-y-alcoholismo-cerca-de-guadalajara-mexico-2\/#breadcrumb"},"inLanguage":"es","potentialAction":[{"@type":"ReadAction","target":["https:\/\/clinicarenacer.mx\/index.php\/centro-de-rehabilitacion-de-adicciones-y-alcoholismo-cerca-de-guadalajara-mexico-2\/"]}]},{"@type":"BreadcrumbList","@id":"https:\/\/clinicarenacer.mx\/index.php\/centro-de-rehabilitacion-de-adicciones-y-alcoholismo-cerca-de-guadalajara-mexico-2\/#breadcrumb","itemListElement":[{"@type":"ListItem","position":1,"name":"Inicio","item":"https:\/\/clinicarenacer.mx\/"},{"@type":"ListItem","position":2,"name":"Servicios"}]},{"@type":"WebSite","@id":"https:\/\/clinicarenacer.mx\/#website","url":"https:\/\/clinicarenacer.mx\/","name":"www.clinicarenacer.mx","description":"","publisher":{"@id":"https:\/\/clinicarenacer.mx\/#organization"},"potentialAction":[{"@type":"SearchAction","target":{"@type":"EntryPoint","urlTemplate":"https:\/\/clinicarenacer.mx\/?s={search_term_string}"},"query-input":"required name=search_term_string"}],"inLanguage":"es"},{"@type":"Organization","@id":"https:\/\/clinicarenacer.mx\/#organization","name":"www.clinicarenacer.mx","url":"https:\/\/clinicarenacer.mx\/","logo":{"@type":"ImageObject","inLanguage":"es","@id":"https:\/\/clinicarenacer.mx\/#\/schema\/logo\/image\/","url":"https:\/\/clinicarenacer.mx\/wp-content\/uploads\/2023\/07\/cropped-Logoclinica_Mesa-de-trabajo-1-scaled-1.jpg","contentUrl":"https:\/\/clinicarenacer.mx\/wp-content\/uploads\/2023\/07\/cropped-Logoclinica_Mesa-de-trabajo-1-scaled-1.jpg","width":2560,"height":713,"caption":"www.clinicarenacer.mx"},"image":{"@id":"https:\/\/clinicarenacer.mx\/#\/schema\/logo\/image\/"},"sameAs":["https:\/\/www.facebook.com\/renacer.pro","https:\/\/www.instagram.com\/clinicarenacermexico\/"]}]}},"_links":{"self":[{"href":"https:\/\/clinicarenacer.mx\/index.php\/wp-json\/wp\/v2\/pages\/35","targetHints":{"allow":["GET"]}}],"collection":[{"href":"https:\/\/clinicarenacer.mx\/index.php\/wp-json\/wp\/v2\/pages"}],"about":[{"href":"https:\/\/clinicarenacer.mx\/index.php\/wp-json\/wp\/v2\/types\/page"}],"author":[{"embeddable":true,"href":"https:\/\/clinicarenacer.mx\/index.php\/wp-json\/wp\/v2\/users\/1"}],"replies":[{"embeddable":true,"href":"https:\/\/clinicarenacer.mx\/index.php\/wp-json\/wp\/v2\/comments?post=35"}],"version-history":[{"count":4,"href":"https:\/\/clinicarenacer.mx\/index.php\/wp-json\/wp\/v2\/pages\/35\/revisions"}],"predecessor-version":[{"id":212,"href":"https:\/\/clinicarenacer.mx\/index.php\/wp-json\/wp\/v2\/pages\/35\/revisions\/212"}],"wp:attachment":[{"href":"https:\/\/clinicarenacer.mx\/index.php\/wp-json\/wp\/v2\/media?parent=35"}],"curies":[{"name":"wp","href":"https:\/\/api.w.org\/{rel}","templated":true}]}}