{"id":162,"date":"2023-09-24T17:07:02","date_gmt":"2023-09-24T17:07:02","guid":{"rendered":"https:\/\/clinicarenacer.mx\/?page_id=162"},"modified":"2023-10-02T00:41:38","modified_gmt":"2023-10-02T00:41:38","slug":"centro-de-rehabilitacion-de-depresion-y-ansiedad-cerca-de-guadalajara-mexico","status":"publish","type":"page","link":"https:\/\/clinicarenacer.mx\/index.php\/centro-de-rehabilitacion-de-depresion-y-ansiedad-cerca-de-guadalajara-mexico\/","title":{"rendered":"Depresi\u00f3n y Ansiedad"},"content":{"rendered":"\n<p>LA DEPRESION, UN ENEMIGO SILENCIOSO<\/p>\n\n\n\n<p>La Depresi\u00f3n, causa da\u00f1o no solo a la persona que la padece, as\u00ed tambi\u00e9n a su entorno familiar.<\/p>\n\n\n\n<p>La depresi\u00f3n, puede llegar a Afectar diferentes \u00e1mbitos de la vida del sujeto, c\u00f3mo lo pueden ser:<\/p>\n\n\n\n<ul class=\"wp-block-list\">\n<li>Laboral<\/li>\n\n\n\n<li>Acad\u00e9mico<\/li>\n\n\n\n<li>Pareja<\/li>\n\n\n\n<li>Familiar<\/li>\n\n\n\n<li>Y en estados graves, puede llevar al paciente al suicidio.<\/li>\n<\/ul>\n\n\n\n<p>Existen varias caracter\u00edsticas de la depresi\u00f3n; entre las que m\u00e1s destacan, es la p\u00e9rdida de apetito, estado de \u00e1nimo muy bajo, p\u00e9rdida de la capacidad previa de disfrute y goce; menor inter\u00e9s por las actividades cotidianas de la vida, que antes sol\u00edan atraer, interesar y gustar a la persona. Los siguientes s\u00edntomas suelen manifestarse en un proceso depresivo:<\/p>\n\n\n\n<ul class=\"wp-block-list\">\n<li>Irritabilidad<\/li>\n\n\n\n<li>Ansiedad<\/li>\n\n\n\n<li>Cansancio excesivo y continuo.<\/li>\n\n\n\n<li>Problemas de sue\u00f1o.<\/li>\n\n\n\n<li>Cambios en el apetito.<\/li>\n\n\n\n<li>Dificultades de concentraci\u00f3n y toma de decisiones.<\/li>\n\n\n\n<li>Sentimientos de inutilidad y culpa.<\/li>\n\n\n\n<li>Problemas de deseo y desempe\u00f1o sexual.<\/li>\n<\/ul>\n\n\n\n<figure class=\"wp-block-image\"><a href=\"https:\/\/clinicarenacer.mx\/\"><img decoding=\"async\" src=\"https:\/\/clinicarenacer.mx\/wp-content\/uploads\/2023\/07\/cropped-Logoclinica_Mesa-de-trabajo-1-scaled-1.jpg\" alt=\"Clinica Renacer Mexico\"\/><\/a><\/figure>\n\n\n\n<figure class=\"wp-block-image\"><img loading=\"lazy\" decoding=\"async\" width=\"966\" height=\"915\" src=\"https:\/\/clinicarenacer.mx\/wp-content\/uploads\/2023\/07\/fotograndes-04.jpg\" alt=\"\" class=\"wp-image-110\" srcset=\"https:\/\/clinicarenacer.mx\/wp-content\/uploads\/2023\/07\/fotograndes-04.jpg 966w, https:\/\/clinicarenacer.mx\/wp-content\/uploads\/2023\/07\/fotograndes-04-300x284.jpg 300w, https:\/\/clinicarenacer.mx\/wp-content\/uploads\/2023\/07\/fotograndes-04-768x727.jpg 768w\" sizes=\"auto, (max-width: 966px) 100vw, 966px\" \/><\/figure>\n\n\n\n<p>Es importante se\u00f1alar que la depresi\u00f3n puede suceder en cualquier etapa de nuestras vidas, esto es no hay una edad espec\u00edfica para que esta se presente, puede ser desde un ni\u00f1o, hasta una persona muy exitosa, existen infinidad de motivos.<\/p>\n\n\n\n<p>\u00bfC\u00f3mo te sientes melanc\u00f3lico, triste, infeliz o derrumbado? Casi a todas las personas en alg\u00fan momento de nuestra vida,&nbsp; nos llegamos a sentir de esa forma en periodos cortos de tiempo.<\/p>\n\n\n\n<p>Si te sientes de alguna de esas formas durante periodos largos incluso semanas, lo m\u00e1s recomendable es la atenci\u00f3n por especialistas en Salud Mental, y de llegar a ser necesario, es importante el internamiento para dar la vigilancia extrema al paciente 24\/7, para evitar alg\u00fan tipo de autoagresi\u00f3n, esto ayudara a que esas emociones no interfieran con nuestra vida diaria.<\/p>\n\n\n\n<p>ANSIEDAD<\/p>\n\n\n\n<p>La ansiedad se considera un sentimiento de miedo, temor e inquietud, y puede considerarse una reacci\u00f3n normal al estr\u00e9s. Un trastorno de ansiedad se da en episodios repetitivos de sentimientos repentinos de ansiedad intensa y miedo o terror que alcanza un m\u00e1ximo en una cuesti\u00f3n de minutos, y puede llevar al paciente a presentar ataques de p\u00e1nico.<\/p>\n\n\n\n<p>&nbsp;Los sentimientos de ansiedad y p\u00e1nico interfieren con las actividades diarias, son dif\u00edciles de controlar, son desproporcionados en comparaci\u00f3n con el peligro real y pueden durar un largo tiempo.<\/p>\n\n\n\n<p>Los s\u00edntomas pueden empezar en la infancia, adolescencia y continuar en la vida adulta.<\/p>\n\n\n\n<p>La ansiedad supera ciertos l\u00edmites (los cuales pueden ser variables de una persona a otra)&nbsp; o cuando aparece ante situaciones que no son realmente peligrosas o que, incluso, son deseables de forma objetiva, se convierte en un trastorno y una problem\u00e1tica de salud y de adaptaci\u00f3n, que impide el bienestar e interfiere significativamente en las actividades de la vida cotidiana, familiares, sociales, laborales e intelectuales.<\/p>\n\n\n\n<p>Algunos de los s\u00edntomas caracter\u00edsticos de la ansiedad son:<\/p>\n\n\n\n<p>S\u00edntomas f\u00edsicos:<\/p>\n\n\n\n<ul class=\"wp-block-list\">\n<li>Taquicardia<\/li>\n\n\n\n<li>Palpitaciones<\/li>\n\n\n\n<li>opresi\u00f3n en el pecho<\/li>\n\n\n\n<li>falta de aire<\/li>\n\n\n\n<li>temblores<\/li>\n\n\n\n<li>sudoraci\u00f3n<\/li>\n\n\n\n<li>molestias digestivas<\/li>\n\n\n\n<li>n\u00e1useas<\/li>\n\n\n\n<li>v\u00f3mitos<\/li>\n\n\n\n<li>alteraciones en la alimentaci\u00f3n<\/li>\n\n\n\n<li>tensi\u00f3n y rigidez muscular<\/li>\n\n\n\n<li>cansancio<\/li>\n\n\n\n<li>sensaci\u00f3n de mareo e inestabilidad<\/li>\n<\/ul>\n\n\n\n<p>S\u00edntomas psicol\u00f3gicos:<\/p>\n\n\n\n<ul class=\"wp-block-list\">\n<li>Inquietud<\/li>\n\n\n\n<li>Agobio<\/li>\n\n\n\n<li>sensaci\u00f3n de amenaza o peligro<\/li>\n\n\n\n<li>ganas de huir o atacar<\/li>\n\n\n\n<li>inseguridad<\/li>\n\n\n\n<li>sensaci\u00f3n de extra\u00f1eza<\/li>\n\n\n\n<li>temor a perder el control<\/li>\n\n\n\n<li>incertidumbre<\/li>\n\n\n\n<li>dificultad para tomar decisiones<\/li>\n<\/ul>\n\n\n\n<p>S\u00edntomas conductuales<\/p>\n\n\n\n<ul class=\"wp-block-list\">\n<li>estado de alerta e hipervigilancia<\/li>\n\n\n\n<li>bloqueos<\/li>\n\n\n\n<li>torpeza o dificultad para actuar<\/li>\n\n\n\n<li>impulsividad<\/li>\n\n\n\n<li>dificultad para estarse quieto<\/li>\n<\/ul>\n\n\n\n<p>S\u00edntomas cognitivos o intelectuales:<\/p>\n\n\n\n<ul class=\"wp-block-list\">\n<li>dificultad de atenci\u00f3n<\/li>\n\n\n\n<li>concentraci\u00f3n y memoria<\/li>\n\n\n\n<li>aumento de despistes y descuidos<\/li>\n\n\n\n<li>preocupaci\u00f3n excesiva<\/li>\n\n\n\n<li>rumiaci\u00f3n<\/li>\n\n\n\n<li>pensamientos distorsionados e inoportunos<\/li>\n\n\n\n<li>sensaci\u00f3n de confusi\u00f3n<\/li>\n\n\n\n<li>tendencia a recordar sobre todo cosas desagradables.<\/li>\n<\/ul>\n\n\n\n<p>S\u00edntomas sociales:<\/p>\n\n\n\n<ul class=\"wp-block-list\">\n<li>Irritabilidad<\/li>\n\n\n\n<li>dificultades para iniciar o mantener una conversaci\u00f3n<\/li>\n\n\n\n<li>verborrea<\/li>\n\n\n\n<li>quedarse en blanco<\/li>\n<\/ul>\n\n\n\n<p>Un trastorno de ansiedad, puede ocasionar, o empeorar, otros trastornos mentales o f\u00edsicos, como puede ser; depresi\u00f3n, abuso de sustancias, insomnio, mala calidad de vida, inclusive el suicidio.<\/p>\n\n\n\n<p><a rel=\"noreferrer noopener\" href=\"https:\/\/wa.me\/message\/GAJHZBSQKZVXJ1\" target=\"_blank\"><em><mark>Sabemos que el camino no ha sido f\u00e1cil, Da click aqu\u00ed para contactarnos por whatsapp<\/mark><\/em><\/a><\/p>\n","protected":false},"excerpt":{"rendered":"<p>LA DEPRESION, UN ENEMIGO SILENCIOSO La Depresi\u00f3n, causa da\u00f1o no solo a la persona que la padece, as\u00ed tambi\u00e9n a su entorno familiar. La depresi\u00f3n, puede llegar a Afectar diferentes \u00e1mbitos de la vida del sujeto, c\u00f3mo lo pueden ser: Existen varias caracter\u00edsticas de la depresi\u00f3n; entre las que m\u00e1s destacan, es la p\u00e9rdida de <a href=\"https:\/\/clinicarenacer.mx\/index.php\/centro-de-rehabilitacion-de-depresion-y-ansiedad-cerca-de-guadalajara-mexico\/\" rel=\"nofollow\"><span class=\"sr-only\">Read more about Depresi\u00f3n y Ansiedad<\/span>[&hellip;]<\/a><\/p>\n","protected":false},"author":1,"featured_media":0,"parent":0,"menu_order":0,"comment_status":"closed","ping_status":"closed","template":"","meta":{"footnotes":""},"class_list":["post-162","page","type-page","status-publish","hentry"],"yoast_head":"<!-- This site is optimized with the Yoast SEO plugin v21.2 - https:\/\/yoast.com\/wordpress\/plugins\/seo\/ -->\n<title>Depresi\u00f3n y Ansiedad - Clinica Renacer Mexico<\/title>\n<meta name=\"robots\" content=\"index, follow, max-snippet:-1, max-image-preview:large, max-video-preview:-1\" \/>\n<link rel=\"canonical\" href=\"https:\/\/clinicarenacer.mx\/index.php\/centro-de-rehabilitacion-de-depresion-y-ansiedad-cerca-de-guadalajara-mexico\/\" \/>\n<meta property=\"og:locale\" content=\"es_MX\" \/>\n<meta property=\"og:type\" content=\"article\" \/>\n<meta property=\"og:title\" content=\"Depresi\u00f3n y Ansiedad - Clinica Renacer Mexico\" \/>\n<meta property=\"og:description\" content=\"LA DEPRESION, UN ENEMIGO SILENCIOSO La Depresi\u00f3n, causa da\u00f1o no solo a la persona que la padece, as\u00ed tambi\u00e9n a su entorno familiar. La depresi\u00f3n, puede llegar a Afectar diferentes \u00e1mbitos de la vida del sujeto, c\u00f3mo lo pueden ser: Existen varias caracter\u00edsticas de la depresi\u00f3n; entre las que m\u00e1s destacan, es la p\u00e9rdida de Read more about Depresi\u00f3n y Ansiedad[&hellip;]\" \/>\n<meta property=\"og:url\" content=\"https:\/\/clinicarenacer.mx\/index.php\/centro-de-rehabilitacion-de-depresion-y-ansiedad-cerca-de-guadalajara-mexico\/\" \/>\n<meta property=\"og:site_name\" content=\"Clinica Renacer Mexico\" \/>\n<meta property=\"article:publisher\" content=\"https:\/\/www.facebook.com\/renacer.pro\" \/>\n<meta property=\"article:modified_time\" content=\"2023-10-02T00:41:38+00:00\" \/>\n<meta property=\"og:image\" content=\"https:\/\/clinicarenacer.mx\/wp-content\/uploads\/2023\/07\/cropped-Logoclinica_Mesa-de-trabajo-1-scaled-1.jpg\" \/>\n<meta name=\"twitter:card\" content=\"summary_large_image\" \/>\n<meta name=\"twitter:label1\" content=\"Tiempo de lectura\" \/>\n\t<meta name=\"twitter:data1\" content=\"4 minutos\" \/>\n<script type=\"application\/ld+json\" class=\"yoast-schema-graph\">{\"@context\":\"https:\/\/schema.org\",\"@graph\":[{\"@type\":\"WebPage\",\"@id\":\"https:\/\/clinicarenacer.mx\/index.php\/centro-de-rehabilitacion-de-depresion-y-ansiedad-cerca-de-guadalajara-mexico\/\",\"url\":\"https:\/\/clinicarenacer.mx\/index.php\/centro-de-rehabilitacion-de-depresion-y-ansiedad-cerca-de-guadalajara-mexico\/\",\"name\":\"Depresi\u00f3n y Ansiedad - Clinica Renacer Mexico\",\"isPartOf\":{\"@id\":\"https:\/\/clinicarenacer.mx\/#website\"},\"datePublished\":\"2023-09-24T17:07:02+00:00\",\"dateModified\":\"2023-10-02T00:41:38+00:00\",\"breadcrumb\":{\"@id\":\"https:\/\/clinicarenacer.mx\/index.php\/centro-de-rehabilitacion-de-depresion-y-ansiedad-cerca-de-guadalajara-mexico\/#breadcrumb\"},\"inLanguage\":\"es\",\"potentialAction\":[{\"@type\":\"ReadAction\",\"target\":[\"https:\/\/clinicarenacer.mx\/index.php\/centro-de-rehabilitacion-de-depresion-y-ansiedad-cerca-de-guadalajara-mexico\/\"]}]},{\"@type\":\"BreadcrumbList\",\"@id\":\"https:\/\/clinicarenacer.mx\/index.php\/centro-de-rehabilitacion-de-depresion-y-ansiedad-cerca-de-guadalajara-mexico\/#breadcrumb\",\"itemListElement\":[{\"@type\":\"ListItem\",\"position\":1,\"name\":\"Inicio\",\"item\":\"https:\/\/clinicarenacer.mx\/\"},{\"@type\":\"ListItem\",\"position\":2,\"name\":\"Depresi\u00f3n y Ansiedad\"}]},{\"@type\":\"WebSite\",\"@id\":\"https:\/\/clinicarenacer.mx\/#website\",\"url\":\"https:\/\/clinicarenacer.mx\/\",\"name\":\"www.clinicarenacer.mx\",\"description\":\"\",\"publisher\":{\"@id\":\"https:\/\/clinicarenacer.mx\/#organization\"},\"potentialAction\":[{\"@type\":\"SearchAction\",\"target\":{\"@type\":\"EntryPoint\",\"urlTemplate\":\"https:\/\/clinicarenacer.mx\/?s={search_term_string}\"},\"query-input\":\"required name=search_term_string\"}],\"inLanguage\":\"es\"},{\"@type\":\"Organization\",\"@id\":\"https:\/\/clinicarenacer.mx\/#organization\",\"name\":\"www.clinicarenacer.mx\",\"url\":\"https:\/\/clinicarenacer.mx\/\",\"logo\":{\"@type\":\"ImageObject\",\"inLanguage\":\"es\",\"@id\":\"https:\/\/clinicarenacer.mx\/#\/schema\/logo\/image\/\",\"url\":\"https:\/\/clinicarenacer.mx\/wp-content\/uploads\/2023\/07\/cropped-Logoclinica_Mesa-de-trabajo-1-scaled-1.jpg\",\"contentUrl\":\"https:\/\/clinicarenacer.mx\/wp-content\/uploads\/2023\/07\/cropped-Logoclinica_Mesa-de-trabajo-1-scaled-1.jpg\",\"width\":2560,\"height\":713,\"caption\":\"www.clinicarenacer.mx\"},\"image\":{\"@id\":\"https:\/\/clinicarenacer.mx\/#\/schema\/logo\/image\/\"},\"sameAs\":[\"https:\/\/www.facebook.com\/renacer.pro\",\"https:\/\/www.instagram.com\/clinicarenacermexico\/\"]}]}<\/script>\n<!-- \/ Yoast SEO plugin. -->","yoast_head_json":{"title":"Depresi\u00f3n y Ansiedad - Clinica Renacer Mexico","robots":{"index":"index","follow":"follow","max-snippet":"max-snippet:-1","max-image-preview":"max-image-preview:large","max-video-preview":"max-video-preview:-1"},"canonical":"https:\/\/clinicarenacer.mx\/index.php\/centro-de-rehabilitacion-de-depresion-y-ansiedad-cerca-de-guadalajara-mexico\/","og_locale":"es_MX","og_type":"article","og_title":"Depresi\u00f3n y Ansiedad - Clinica Renacer Mexico","og_description":"LA DEPRESION, UN ENEMIGO SILENCIOSO La Depresi\u00f3n, causa da\u00f1o no solo a la persona que la padece, as\u00ed tambi\u00e9n a su entorno familiar. La depresi\u00f3n, puede llegar a Afectar diferentes \u00e1mbitos de la vida del sujeto, c\u00f3mo lo pueden ser: Existen varias caracter\u00edsticas de la depresi\u00f3n; entre las que m\u00e1s destacan, es la p\u00e9rdida de Read more about Depresi\u00f3n y Ansiedad[&hellip;]","og_url":"https:\/\/clinicarenacer.mx\/index.php\/centro-de-rehabilitacion-de-depresion-y-ansiedad-cerca-de-guadalajara-mexico\/","og_site_name":"Clinica Renacer Mexico","article_publisher":"https:\/\/www.facebook.com\/renacer.pro","article_modified_time":"2023-10-02T00:41:38+00:00","og_image":[{"url":"https:\/\/clinicarenacer.mx\/wp-content\/uploads\/2023\/07\/cropped-Logoclinica_Mesa-de-trabajo-1-scaled-1.jpg"}],"twitter_card":"summary_large_image","twitter_misc":{"Tiempo de lectura":"4 minutos"},"schema":{"@context":"https:\/\/schema.org","@graph":[{"@type":"WebPage","@id":"https:\/\/clinicarenacer.mx\/index.php\/centro-de-rehabilitacion-de-depresion-y-ansiedad-cerca-de-guadalajara-mexico\/","url":"https:\/\/clinicarenacer.mx\/index.php\/centro-de-rehabilitacion-de-depresion-y-ansiedad-cerca-de-guadalajara-mexico\/","name":"Depresi\u00f3n y Ansiedad - Clinica Renacer Mexico","isPartOf":{"@id":"https:\/\/clinicarenacer.mx\/#website"},"datePublished":"2023-09-24T17:07:02+00:00","dateModified":"2023-10-02T00:41:38+00:00","breadcrumb":{"@id":"https:\/\/clinicarenacer.mx\/index.php\/centro-de-rehabilitacion-de-depresion-y-ansiedad-cerca-de-guadalajara-mexico\/#breadcrumb"},"inLanguage":"es","potentialAction":[{"@type":"ReadAction","target":["https:\/\/clinicarenacer.mx\/index.php\/centro-de-rehabilitacion-de-depresion-y-ansiedad-cerca-de-guadalajara-mexico\/"]}]},{"@type":"BreadcrumbList","@id":"https:\/\/clinicarenacer.mx\/index.php\/centro-de-rehabilitacion-de-depresion-y-ansiedad-cerca-de-guadalajara-mexico\/#breadcrumb","itemListElement":[{"@type":"ListItem","position":1,"name":"Inicio","item":"https:\/\/clinicarenacer.mx\/"},{"@type":"ListItem","position":2,"name":"Depresi\u00f3n y Ansiedad"}]},{"@type":"WebSite","@id":"https:\/\/clinicarenacer.mx\/#website","url":"https:\/\/clinicarenacer.mx\/","name":"www.clinicarenacer.mx","description":"","publisher":{"@id":"https:\/\/clinicarenacer.mx\/#organization"},"potentialAction":[{"@type":"SearchAction","target":{"@type":"EntryPoint","urlTemplate":"https:\/\/clinicarenacer.mx\/?s={search_term_string}"},"query-input":"required name=search_term_string"}],"inLanguage":"es"},{"@type":"Organization","@id":"https:\/\/clinicarenacer.mx\/#organization","name":"www.clinicarenacer.mx","url":"https:\/\/clinicarenacer.mx\/","logo":{"@type":"ImageObject","inLanguage":"es","@id":"https:\/\/clinicarenacer.mx\/#\/schema\/logo\/image\/","url":"https:\/\/clinicarenacer.mx\/wp-content\/uploads\/2023\/07\/cropped-Logoclinica_Mesa-de-trabajo-1-scaled-1.jpg","contentUrl":"https:\/\/clinicarenacer.mx\/wp-content\/uploads\/2023\/07\/cropped-Logoclinica_Mesa-de-trabajo-1-scaled-1.jpg","width":2560,"height":713,"caption":"www.clinicarenacer.mx"},"image":{"@id":"https:\/\/clinicarenacer.mx\/#\/schema\/logo\/image\/"},"sameAs":["https:\/\/www.facebook.com\/renacer.pro","https:\/\/www.instagram.com\/clinicarenacermexico\/"]}]}},"_links":{"self":[{"href":"https:\/\/clinicarenacer.mx\/index.php\/wp-json\/wp\/v2\/pages\/162","targetHints":{"allow":["GET"]}}],"collection":[{"href":"https:\/\/clinicarenacer.mx\/index.php\/wp-json\/wp\/v2\/pages"}],"about":[{"href":"https:\/\/clinicarenacer.mx\/index.php\/wp-json\/wp\/v2\/types\/page"}],"author":[{"embeddable":true,"href":"https:\/\/clinicarenacer.mx\/index.php\/wp-json\/wp\/v2\/users\/1"}],"replies":[{"embeddable":true,"href":"https:\/\/clinicarenacer.mx\/index.php\/wp-json\/wp\/v2\/comments?post=162"}],"version-history":[{"count":2,"href":"https:\/\/clinicarenacer.mx\/index.php\/wp-json\/wp\/v2\/pages\/162\/revisions"}],"predecessor-version":[{"id":175,"href":"https:\/\/clinicarenacer.mx\/index.php\/wp-json\/wp\/v2\/pages\/162\/revisions\/175"}],"wp:attachment":[{"href":"https:\/\/clinicarenacer.mx\/index.php\/wp-json\/wp\/v2\/media?parent=162"}],"curies":[{"name":"wp","href":"https:\/\/api.w.org\/{rel}","templated":true}]}}