{"id":158,"date":"2023-09-24T17:05:14","date_gmt":"2023-09-24T17:05:14","guid":{"rendered":"https:\/\/clinicarenacer.mx\/?page_id=158"},"modified":"2023-10-02T00:40:43","modified_gmt":"2023-10-02T00:40:43","slug":"centro-de-rehabilitacion-de-alcoholismo-cerca-de-guadalajara-mexico-2","status":"publish","type":"page","link":"https:\/\/clinicarenacer.mx\/index.php\/centro-de-rehabilitacion-de-alcoholismo-cerca-de-guadalajara-mexico-2\/","title":{"rendered":"Alcoholismo"},"content":{"rendered":"\n<p>Qu\u00e9 es el Alcoholismo?<\/p>\n\n\n\n<figure class=\"wp-block-image\"><img loading=\"lazy\" decoding=\"async\" width=\"1024\" height=\"285\" src=\"https:\/\/clinicarenacer.mx\/wp-content\/uploads\/2023\/07\/cropped-Logoclinica_Mesa-de-trabajo-1-scaled-1-1024x285.jpg\" alt=\"\" class=\"wp-image-12\" srcset=\"https:\/\/clinicarenacer.mx\/wp-content\/uploads\/2023\/07\/cropped-Logoclinica_Mesa-de-trabajo-1-scaled-1-1024x285.jpg 1024w, https:\/\/clinicarenacer.mx\/wp-content\/uploads\/2023\/07\/cropped-Logoclinica_Mesa-de-trabajo-1-scaled-1-300x84.jpg 300w, https:\/\/clinicarenacer.mx\/wp-content\/uploads\/2023\/07\/cropped-Logoclinica_Mesa-de-trabajo-1-scaled-1-768x214.jpg 768w, https:\/\/clinicarenacer.mx\/wp-content\/uploads\/2023\/07\/cropped-Logoclinica_Mesa-de-trabajo-1-scaled-1-1536x428.jpg 1536w, https:\/\/clinicarenacer.mx\/wp-content\/uploads\/2023\/07\/cropped-Logoclinica_Mesa-de-trabajo-1-scaled-1-2048x570.jpg 2048w\" sizes=\"auto, (max-width: 1024px) 100vw, 1024px\" \/><\/figure>\n\n\n\n<p>Enfermedad cr\u00f3nica caracterizada por la ingesta descontrolada de alcohol y preocupaci\u00f3n por el consumo.<\/p>\n\n\n\n<p>El alcoholismo es la incapacidad de controlar el consumo de alcohol debido a una dependencia f\u00edsica y emocional.<\/p>\n\n\n\n<p>Los s\u00edntomas incluyen consumo recurrente de alcohol a pesar de los problemas legales y de salud relacionados. Las personas alcoh\u00f3licas pueden beber al comienzo del d\u00eda, sentirse culpables por el consumo y tener el deseo de reducir la cantidad de alcohol que ingieren.<\/p>\n\n\n\n<p>El tratamiento incluye el asesoramiento por parte de un profesional del cuidado de la salud. Una opci\u00f3n para aquellos que necesitan ayuda adicional son los programas de desintoxicaci\u00f3n en hospitales o instalaciones m\u00e9dicas. Existen medicamentos que reducen el deseo de consumir alcohol.<\/p>\n\n\n\n<figure class=\"wp-block-image\"><a href=\"https:\/\/clinicarenacer.mx\/\"><img decoding=\"async\" src=\"https:\/\/clinicarenacer.mx\/wp-content\/uploads\/2023\/07\/cropped-Logoclinica_Mesa-de-trabajo-1-scaled-1.jpg\" alt=\"Clinica Renacer Mexico\"\/><\/a><\/figure>\n\n\n\n<figure class=\"wp-block-image\"><img loading=\"lazy\" decoding=\"async\" width=\"950\" height=\"909\" src=\"https:\/\/clinicarenacer.mx\/wp-content\/uploads\/2023\/07\/fotograndes-02.jpg\" alt=\"\" class=\"wp-image-99\" srcset=\"https:\/\/clinicarenacer.mx\/wp-content\/uploads\/2023\/07\/fotograndes-02.jpg 950w, https:\/\/clinicarenacer.mx\/wp-content\/uploads\/2023\/07\/fotograndes-02-300x287.jpg 300w, https:\/\/clinicarenacer.mx\/wp-content\/uploads\/2023\/07\/fotograndes-02-768x735.jpg 768w\" sizes=\"auto, (max-width: 950px) 100vw, 950px\" \/><\/figure>\n\n\n\n<hr class=\"wp-block-separator has-alpha-channel-opacity\"\/>\n\n\n\n<p>Si bien el tratamiento puede ayudar, esta condici\u00f3n no tiene cura<\/p>\n\n\n\n<p>Por lo general, se puede realizar un autodiagn\u00f3stico<\/p>\n\n\n\n<p>No se requieren an\u00e1lisis de laboratorio o estudios de diagn\u00f3stico por im\u00e1genes<\/p>\n\n\n\n<p>Cr\u00f3nicas: pueden durar a\u00f1os o toda la vida<\/p>\n\n\n\n<p><a href=\"https:\/\/wa.me\/message\/GAJHZBSQKZVXJ1\" target=\"_blank\" rel=\"noreferrer noopener\"><strong><mark>Sabemos que el camino no ha sido f\u00e1cil, da click aqu\u00ed para contactarnos por whatsapp<\/mark><\/strong><\/a><\/p>\n","protected":false},"excerpt":{"rendered":"<p>Qu\u00e9 es el Alcoholismo? Enfermedad cr\u00f3nica caracterizada por la ingesta descontrolada de alcohol y preocupaci\u00f3n por el consumo. El alcoholismo es la incapacidad de controlar el consumo de alcohol debido a una dependencia f\u00edsica y emocional. Los s\u00edntomas incluyen consumo recurrente de alcohol a pesar de los problemas legales y de salud relacionados. Las personas <a href=\"https:\/\/clinicarenacer.mx\/index.php\/centro-de-rehabilitacion-de-alcoholismo-cerca-de-guadalajara-mexico-2\/\" rel=\"nofollow\"><span class=\"sr-only\">Read more about Alcoholismo<\/span>[&hellip;]<\/a><\/p>\n","protected":false},"author":1,"featured_media":0,"parent":0,"menu_order":0,"comment_status":"closed","ping_status":"closed","template":"","meta":{"footnotes":""},"class_list":["post-158","page","type-page","status-publish","hentry"],"yoast_head":"<!-- This site is optimized with the Yoast SEO plugin v21.2 - https:\/\/yoast.com\/wordpress\/plugins\/seo\/ -->\n<title>Alcoholismo - Clinica Renacer Mexico<\/title>\n<meta name=\"robots\" content=\"index, follow, max-snippet:-1, max-image-preview:large, max-video-preview:-1\" \/>\n<link rel=\"canonical\" href=\"https:\/\/clinicarenacer.mx\/index.php\/centro-de-rehabilitacion-de-alcoholismo-cerca-de-guadalajara-mexico-2\/\" \/>\n<meta property=\"og:locale\" content=\"es_MX\" \/>\n<meta property=\"og:type\" content=\"article\" \/>\n<meta property=\"og:title\" content=\"Alcoholismo - Clinica Renacer Mexico\" \/>\n<meta property=\"og:description\" content=\"Qu\u00e9 es el Alcoholismo? Enfermedad cr\u00f3nica caracterizada por la ingesta descontrolada de alcohol y preocupaci\u00f3n por el consumo. El alcoholismo es la incapacidad de controlar el consumo de alcohol debido a una dependencia f\u00edsica y emocional. Los s\u00edntomas incluyen consumo recurrente de alcohol a pesar de los problemas legales y de salud relacionados. Las personas Read more about Alcoholismo[&hellip;]\" \/>\n<meta property=\"og:url\" content=\"https:\/\/clinicarenacer.mx\/index.php\/centro-de-rehabilitacion-de-alcoholismo-cerca-de-guadalajara-mexico-2\/\" \/>\n<meta property=\"og:site_name\" content=\"Clinica Renacer Mexico\" \/>\n<meta property=\"article:publisher\" content=\"https:\/\/www.facebook.com\/renacer.pro\" \/>\n<meta property=\"article:modified_time\" content=\"2023-10-02T00:40:43+00:00\" \/>\n<meta property=\"og:image\" content=\"https:\/\/clinicarenacer.mx\/wp-content\/uploads\/2023\/07\/cropped-Logoclinica_Mesa-de-trabajo-1-scaled-1-1024x285.jpg\" \/>\n<meta name=\"twitter:card\" content=\"summary_large_image\" \/>\n<script type=\"application\/ld+json\" class=\"yoast-schema-graph\">{\"@context\":\"https:\/\/schema.org\",\"@graph\":[{\"@type\":\"WebPage\",\"@id\":\"https:\/\/clinicarenacer.mx\/index.php\/centro-de-rehabilitacion-de-alcoholismo-cerca-de-guadalajara-mexico-2\/\",\"url\":\"https:\/\/clinicarenacer.mx\/index.php\/centro-de-rehabilitacion-de-alcoholismo-cerca-de-guadalajara-mexico-2\/\",\"name\":\"Alcoholismo - Clinica Renacer Mexico\",\"isPartOf\":{\"@id\":\"https:\/\/clinicarenacer.mx\/#website\"},\"datePublished\":\"2023-09-24T17:05:14+00:00\",\"dateModified\":\"2023-10-02T00:40:43+00:00\",\"breadcrumb\":{\"@id\":\"https:\/\/clinicarenacer.mx\/index.php\/centro-de-rehabilitacion-de-alcoholismo-cerca-de-guadalajara-mexico-2\/#breadcrumb\"},\"inLanguage\":\"es\",\"potentialAction\":[{\"@type\":\"ReadAction\",\"target\":[\"https:\/\/clinicarenacer.mx\/index.php\/centro-de-rehabilitacion-de-alcoholismo-cerca-de-guadalajara-mexico-2\/\"]}]},{\"@type\":\"BreadcrumbList\",\"@id\":\"https:\/\/clinicarenacer.mx\/index.php\/centro-de-rehabilitacion-de-alcoholismo-cerca-de-guadalajara-mexico-2\/#breadcrumb\",\"itemListElement\":[{\"@type\":\"ListItem\",\"position\":1,\"name\":\"Inicio\",\"item\":\"https:\/\/clinicarenacer.mx\/\"},{\"@type\":\"ListItem\",\"position\":2,\"name\":\"Alcoholismo\"}]},{\"@type\":\"WebSite\",\"@id\":\"https:\/\/clinicarenacer.mx\/#website\",\"url\":\"https:\/\/clinicarenacer.mx\/\",\"name\":\"www.clinicarenacer.mx\",\"description\":\"\",\"publisher\":{\"@id\":\"https:\/\/clinicarenacer.mx\/#organization\"},\"potentialAction\":[{\"@type\":\"SearchAction\",\"target\":{\"@type\":\"EntryPoint\",\"urlTemplate\":\"https:\/\/clinicarenacer.mx\/?s={search_term_string}\"},\"query-input\":\"required name=search_term_string\"}],\"inLanguage\":\"es\"},{\"@type\":\"Organization\",\"@id\":\"https:\/\/clinicarenacer.mx\/#organization\",\"name\":\"www.clinicarenacer.mx\",\"url\":\"https:\/\/clinicarenacer.mx\/\",\"logo\":{\"@type\":\"ImageObject\",\"inLanguage\":\"es\",\"@id\":\"https:\/\/clinicarenacer.mx\/#\/schema\/logo\/image\/\",\"url\":\"https:\/\/clinicarenacer.mx\/wp-content\/uploads\/2023\/07\/cropped-Logoclinica_Mesa-de-trabajo-1-scaled-1.jpg\",\"contentUrl\":\"https:\/\/clinicarenacer.mx\/wp-content\/uploads\/2023\/07\/cropped-Logoclinica_Mesa-de-trabajo-1-scaled-1.jpg\",\"width\":2560,\"height\":713,\"caption\":\"www.clinicarenacer.mx\"},\"image\":{\"@id\":\"https:\/\/clinicarenacer.mx\/#\/schema\/logo\/image\/\"},\"sameAs\":[\"https:\/\/www.facebook.com\/renacer.pro\",\"https:\/\/www.instagram.com\/clinicarenacermexico\/\"]}]}<\/script>\n<!-- \/ Yoast SEO plugin. -->","yoast_head_json":{"title":"Alcoholismo - Clinica Renacer Mexico","robots":{"index":"index","follow":"follow","max-snippet":"max-snippet:-1","max-image-preview":"max-image-preview:large","max-video-preview":"max-video-preview:-1"},"canonical":"https:\/\/clinicarenacer.mx\/index.php\/centro-de-rehabilitacion-de-alcoholismo-cerca-de-guadalajara-mexico-2\/","og_locale":"es_MX","og_type":"article","og_title":"Alcoholismo - Clinica Renacer Mexico","og_description":"Qu\u00e9 es el Alcoholismo? Enfermedad cr\u00f3nica caracterizada por la ingesta descontrolada de alcohol y preocupaci\u00f3n por el consumo. El alcoholismo es la incapacidad de controlar el consumo de alcohol debido a una dependencia f\u00edsica y emocional. Los s\u00edntomas incluyen consumo recurrente de alcohol a pesar de los problemas legales y de salud relacionados. Las personas Read more about Alcoholismo[&hellip;]","og_url":"https:\/\/clinicarenacer.mx\/index.php\/centro-de-rehabilitacion-de-alcoholismo-cerca-de-guadalajara-mexico-2\/","og_site_name":"Clinica Renacer Mexico","article_publisher":"https:\/\/www.facebook.com\/renacer.pro","article_modified_time":"2023-10-02T00:40:43+00:00","og_image":[{"url":"https:\/\/clinicarenacer.mx\/wp-content\/uploads\/2023\/07\/cropped-Logoclinica_Mesa-de-trabajo-1-scaled-1-1024x285.jpg"}],"twitter_card":"summary_large_image","schema":{"@context":"https:\/\/schema.org","@graph":[{"@type":"WebPage","@id":"https:\/\/clinicarenacer.mx\/index.php\/centro-de-rehabilitacion-de-alcoholismo-cerca-de-guadalajara-mexico-2\/","url":"https:\/\/clinicarenacer.mx\/index.php\/centro-de-rehabilitacion-de-alcoholismo-cerca-de-guadalajara-mexico-2\/","name":"Alcoholismo - Clinica Renacer Mexico","isPartOf":{"@id":"https:\/\/clinicarenacer.mx\/#website"},"datePublished":"2023-09-24T17:05:14+00:00","dateModified":"2023-10-02T00:40:43+00:00","breadcrumb":{"@id":"https:\/\/clinicarenacer.mx\/index.php\/centro-de-rehabilitacion-de-alcoholismo-cerca-de-guadalajara-mexico-2\/#breadcrumb"},"inLanguage":"es","potentialAction":[{"@type":"ReadAction","target":["https:\/\/clinicarenacer.mx\/index.php\/centro-de-rehabilitacion-de-alcoholismo-cerca-de-guadalajara-mexico-2\/"]}]},{"@type":"BreadcrumbList","@id":"https:\/\/clinicarenacer.mx\/index.php\/centro-de-rehabilitacion-de-alcoholismo-cerca-de-guadalajara-mexico-2\/#breadcrumb","itemListElement":[{"@type":"ListItem","position":1,"name":"Inicio","item":"https:\/\/clinicarenacer.mx\/"},{"@type":"ListItem","position":2,"name":"Alcoholismo"}]},{"@type":"WebSite","@id":"https:\/\/clinicarenacer.mx\/#website","url":"https:\/\/clinicarenacer.mx\/","name":"www.clinicarenacer.mx","description":"","publisher":{"@id":"https:\/\/clinicarenacer.mx\/#organization"},"potentialAction":[{"@type":"SearchAction","target":{"@type":"EntryPoint","urlTemplate":"https:\/\/clinicarenacer.mx\/?s={search_term_string}"},"query-input":"required name=search_term_string"}],"inLanguage":"es"},{"@type":"Organization","@id":"https:\/\/clinicarenacer.mx\/#organization","name":"www.clinicarenacer.mx","url":"https:\/\/clinicarenacer.mx\/","logo":{"@type":"ImageObject","inLanguage":"es","@id":"https:\/\/clinicarenacer.mx\/#\/schema\/logo\/image\/","url":"https:\/\/clinicarenacer.mx\/wp-content\/uploads\/2023\/07\/cropped-Logoclinica_Mesa-de-trabajo-1-scaled-1.jpg","contentUrl":"https:\/\/clinicarenacer.mx\/wp-content\/uploads\/2023\/07\/cropped-Logoclinica_Mesa-de-trabajo-1-scaled-1.jpg","width":2560,"height":713,"caption":"www.clinicarenacer.mx"},"image":{"@id":"https:\/\/clinicarenacer.mx\/#\/schema\/logo\/image\/"},"sameAs":["https:\/\/www.facebook.com\/renacer.pro","https:\/\/www.instagram.com\/clinicarenacermexico\/"]}]}},"_links":{"self":[{"href":"https:\/\/clinicarenacer.mx\/index.php\/wp-json\/wp\/v2\/pages\/158","targetHints":{"allow":["GET"]}}],"collection":[{"href":"https:\/\/clinicarenacer.mx\/index.php\/wp-json\/wp\/v2\/pages"}],"about":[{"href":"https:\/\/clinicarenacer.mx\/index.php\/wp-json\/wp\/v2\/types\/page"}],"author":[{"embeddable":true,"href":"https:\/\/clinicarenacer.mx\/index.php\/wp-json\/wp\/v2\/users\/1"}],"replies":[{"embeddable":true,"href":"https:\/\/clinicarenacer.mx\/index.php\/wp-json\/wp\/v2\/comments?post=158"}],"version-history":[{"count":2,"href":"https:\/\/clinicarenacer.mx\/index.php\/wp-json\/wp\/v2\/pages\/158\/revisions"}],"predecessor-version":[{"id":173,"href":"https:\/\/clinicarenacer.mx\/index.php\/wp-json\/wp\/v2\/pages\/158\/revisions\/173"}],"wp:attachment":[{"href":"https:\/\/clinicarenacer.mx\/index.php\/wp-json\/wp\/v2\/media?parent=158"}],"curies":[{"name":"wp","href":"https:\/\/api.w.org\/{rel}","templated":true}]}}